{"id":22,"date":"2023-06-01T11:13:30","date_gmt":"2023-06-01T09:13:30","guid":{"rendered":"https:\/\/e-moz.ch\/mon-compte\/"},"modified":"2023-11-17T09:34:51","modified_gmt":"2023-11-17T08:34:51","slug":"mon-compte","status":"publish","type":"page","link":"https:\/\/e-moz.ch\/de\/mon-compte\/","title":{"rendered":"Mein Konto"},"content":{"rendered":"\n[et_pb_section fb_built=\u00a0\u00bb1&Prime; _builder_version=\u00a0\u00bb4.16&Prime; global_colors_info=\u00a0\u00bb{}\u00a0\u00bb][et_pb_row _builder_version=\u00a0\u00bb4.16&Prime; background_size=\u00a0\u00bbinitial\u00a0\u00bb background_position=\u00a0\u00bbtop_left\u00a0\u00bb background_repeat=\u00a0\u00bbrepeat\u00a0\u00bb global_colors_info=\u00a0\u00bb{}\u00a0\u00bb][et_pb_column type=\u00a0\u00bb4_4&Prime; _builder_version=\u00a0\u00bb4.16&Prime; custom_padding=\u00a0\u00bb|||\u00a0\u00bb global_colors_info=\u00a0\u00bb{}\u00a0\u00bb custom_padding__hover=\u00a0\u00bb|||\u00a0\u00bb][et_pb_text _builder_version=\u00a0\u00bb4.22.2&Prime; hover_enabled=\u00a0\u00bb0&Prime; global_colors_info=\u00a0\u00bb{}\u00a0\u00bb sticky_enabled=\u00a0\u00bb0&Prime;]<h1>Mon compte<\/h1>\n<p>&nbsp;<\/p>\n<p><div class=\"woocommerce\"><\/div><!-- \/divi:shortcode --><\/p>[\/et_pb_text][\/et_pb_column][\/et_pb_row][\/et_pb_section]\n","protected":false},"excerpt":{"rendered":"<p>Mein Konto &nbsp; <div class=\"woocommerce\"><\/div><\/p>","protected":false},"author":1,"featured_media":0,"parent":0,"menu_order":0,"comment_status":"closed","ping_status":"closed","template":"","meta":{"_et_pb_use_builder":"on","_et_pb_old_content":"<!-- wp:paragraph -->\n<p>blabla<\/p>\n<!-- \/wp:paragraph -->\n\n<!-- wp:shortcode -->\n[woocommerce_my_account]\n<!-- \/wp:shortcode -->","_et_gb_content_width":"","footnotes":""},"class_list":["post-22","page","type-page","status-publish","hentry"],"yoast_head":"<!-- This site is optimized with the Yoast SEO plugin v27.5 - https:\/\/yoast.com\/product\/yoast-seo-wordpress\/ -->\n<title>Mon compte - Swiss Levage et Fournitures Industrielles s\u00e0rl<\/title>\n<meta name=\"description\" content=\"Acc\u00e9dez \u00e0 votre espace personnel avec la page Mon Compte d&#039;E-MOZ. G\u00e9rez vos informations, suivis de commandes, et profitez d&#039;une exp\u00e9rience personnalis\u00e9e avec nos services de levage et fournitures industrielles.\" \/>\n<meta name=\"robots\" content=\"index, follow, max-snippet:-1, max-image-preview:large, max-video-preview:-1\" \/>\n<link rel=\"canonical\" href=\"https:\/\/e-moz.ch\/de\/mon-compte\/\" \/>\n<meta property=\"og:locale\" content=\"de_DE\" \/>\n<meta property=\"og:type\" content=\"article\" \/>\n<meta property=\"og:title\" content=\"Mon compte - Swiss Levage et Fournitures Industrielles s\u00e0rl\" \/>\n<meta property=\"og:description\" content=\"Acc\u00e9dez \u00e0 votre espace personnel avec la page Mon Compte d&#039;E-MOZ. G\u00e9rez vos informations, suivis de commandes, et profitez d&#039;une exp\u00e9rience personnalis\u00e9e avec nos services de levage et fournitures industrielles.\" \/>\n<meta property=\"og:url\" content=\"https:\/\/e-moz.ch\/de\/mon-compte\/\" \/>\n<meta property=\"og:site_name\" content=\"Swiss Levage et Fournitures Industrielles s\u00e0rl\" \/>\n<meta property=\"article:modified_time\" content=\"2023-11-17T08:34:51+00:00\" \/>\n<meta name=\"twitter:card\" content=\"summary_large_image\" \/>\n<meta name=\"twitter:label1\" content=\"Gesch\u00e4tzte Lesezeit\" \/>\n\t<meta name=\"twitter:data1\" content=\"1\u00a0Minute\" \/>\n<script type=\"application\/ld+json\" class=\"yoast-schema-graph\">{\"@context\":\"https:\\\/\\\/schema.org\",\"@graph\":[{\"@type\":\"WebPage\",\"@id\":\"https:\\\/\\\/e-moz.ch\\\/mon-compte\\\/\",\"url\":\"https:\\\/\\\/e-moz.ch\\\/mon-compte\\\/\",\"name\":\"Mon compte - Swiss Levage et Fournitures Industrielles s\u00e0rl\",\"isPartOf\":{\"@id\":\"https:\\\/\\\/e-moz.ch\\\/#website\"},\"datePublished\":\"2023-06-01T09:13:30+00:00\",\"dateModified\":\"2023-11-17T08:34:51+00:00\",\"description\":\"Acc\u00e9dez \u00e0 votre espace personnel avec la page Mon Compte d'E-MOZ. G\u00e9rez vos informations, suivis de commandes, et profitez d'une exp\u00e9rience personnalis\u00e9e avec nos services de levage et fournitures industrielles.\",\"breadcrumb\":{\"@id\":\"https:\\\/\\\/e-moz.ch\\\/mon-compte\\\/#breadcrumb\"},\"inLanguage\":\"de\",\"potentialAction\":[{\"@type\":\"ReadAction\",\"target\":[\"https:\\\/\\\/e-moz.ch\\\/mon-compte\\\/\"]}]},{\"@type\":\"BreadcrumbList\",\"@id\":\"https:\\\/\\\/e-moz.ch\\\/mon-compte\\\/#breadcrumb\",\"itemListElement\":[{\"@type\":\"ListItem\",\"position\":1,\"name\":\"Accueil\",\"item\":\"https:\\\/\\\/e-moz.ch\\\/\"},{\"@type\":\"ListItem\",\"position\":2,\"name\":\"Mon compte\"}]},{\"@type\":\"WebSite\",\"@id\":\"https:\\\/\\\/e-moz.ch\\\/#website\",\"url\":\"https:\\\/\\\/e-moz.ch\\\/\",\"name\":\"Swiss Levage et Fournitures Industrielles s\u00e0rl\",\"description\":\"E-MOZ, votre fournisseur pour le levage, les fournitures industrielles et les fournitures sp\u00e9ciales\",\"publisher\":{\"@id\":\"https:\\\/\\\/e-moz.ch\\\/#organization\"},\"potentialAction\":[{\"@type\":\"SearchAction\",\"target\":{\"@type\":\"EntryPoint\",\"urlTemplate\":\"https:\\\/\\\/e-moz.ch\\\/?s={search_term_string}\"},\"query-input\":{\"@type\":\"PropertyValueSpecification\",\"valueRequired\":true,\"valueName\":\"search_term_string\"}}],\"inLanguage\":\"de\"},{\"@type\":\"Organization\",\"@id\":\"https:\\\/\\\/e-moz.ch\\\/#organization\",\"name\":\"Swiss Levage et Fournitures Industrielles s\u00e0rl\",\"url\":\"https:\\\/\\\/e-moz.ch\\\/\",\"logo\":{\"@type\":\"ImageObject\",\"inLanguage\":\"de\",\"@id\":\"https:\\\/\\\/e-moz.ch\\\/#\\\/schema\\\/logo\\\/image\\\/\",\"url\":\"https:\\\/\\\/e-moz.ch\\\/wp-content\\\/uploads\\\/2023\\\/06\\\/pierre-schmid-logo-1581346465.png\",\"contentUrl\":\"https:\\\/\\\/e-moz.ch\\\/wp-content\\\/uploads\\\/2023\\\/06\\\/pierre-schmid-logo-1581346465.png\",\"width\":281,\"height\":104,\"caption\":\"Swiss Levage et Fournitures Industrielles s\u00e0rl\"},\"image\":{\"@id\":\"https:\\\/\\\/e-moz.ch\\\/#\\\/schema\\\/logo\\\/image\\\/\"}}]}<\/script>\n<!-- \/ Yoast SEO plugin. -->","yoast_head_json":{"title":"Mon compte - Swiss Levage et Fournitures Industrielles s\u00e0rl","description":"Acc\u00e9dez \u00e0 votre espace personnel avec la page Mon Compte d'E-MOZ. G\u00e9rez vos informations, suivis de commandes, et profitez d'une exp\u00e9rience personnalis\u00e9e avec nos services de levage et fournitures industrielles.","robots":{"index":"index","follow":"follow","max-snippet":"max-snippet:-1","max-image-preview":"max-image-preview:large","max-video-preview":"max-video-preview:-1"},"canonical":"https:\/\/e-moz.ch\/de\/mon-compte\/","og_locale":"de_DE","og_type":"article","og_title":"Mon compte - Swiss Levage et Fournitures Industrielles s\u00e0rl","og_description":"Acc\u00e9dez \u00e0 votre espace personnel avec la page Mon Compte d'E-MOZ. G\u00e9rez vos informations, suivis de commandes, et profitez d'une exp\u00e9rience personnalis\u00e9e avec nos services de levage et fournitures industrielles.","og_url":"https:\/\/e-moz.ch\/de\/mon-compte\/","og_site_name":"Swiss Levage et Fournitures Industrielles s\u00e0rl","article_modified_time":"2023-11-17T08:34:51+00:00","twitter_card":"summary_large_image","twitter_misc":{"Gesch\u00e4tzte Lesezeit":"1\u00a0Minute"},"schema":{"@context":"https:\/\/schema.org","@graph":[{"@type":"WebPage","@id":"https:\/\/e-moz.ch\/mon-compte\/","url":"https:\/\/e-moz.ch\/mon-compte\/","name":"Mon compte - Swiss Levage et Fournitures Industrielles s\u00e0rl","isPartOf":{"@id":"https:\/\/e-moz.ch\/#website"},"datePublished":"2023-06-01T09:13:30+00:00","dateModified":"2023-11-17T08:34:51+00:00","description":"Acc\u00e9dez \u00e0 votre espace personnel avec la page Mon Compte d'E-MOZ. G\u00e9rez vos informations, suivis de commandes, et profitez d'une exp\u00e9rience personnalis\u00e9e avec nos services de levage et fournitures industrielles.","breadcrumb":{"@id":"https:\/\/e-moz.ch\/mon-compte\/#breadcrumb"},"inLanguage":"de","potentialAction":[{"@type":"ReadAction","target":["https:\/\/e-moz.ch\/mon-compte\/"]}]},{"@type":"BreadcrumbList","@id":"https:\/\/e-moz.ch\/mon-compte\/#breadcrumb","itemListElement":[{"@type":"ListItem","position":1,"name":"Accueil","item":"https:\/\/e-moz.ch\/"},{"@type":"ListItem","position":2,"name":"Mon compte"}]},{"@type":"WebSite","@id":"https:\/\/e-moz.ch\/#website","url":"https:\/\/e-moz.ch\/","name":"Swiss Levage et Fournitures Industrielles S\u00e0rl","description":"E-MOZ, Ihr Lieferant f\u00fcr Hebetechnik, Industriebedarf und Spezialbedarf","publisher":{"@id":"https:\/\/e-moz.ch\/#organization"},"potentialAction":[{"@type":"SearchAction","target":{"@type":"EntryPoint","urlTemplate":"https:\/\/e-moz.ch\/?s={search_term_string}"},"query-input":{"@type":"PropertyValueSpecification","valueRequired":true,"valueName":"search_term_string"}}],"inLanguage":"de"},{"@type":"Organization","@id":"https:\/\/e-moz.ch\/#organization","name":"Swiss Levage et Fournitures Industrielles S\u00e0rl","url":"https:\/\/e-moz.ch\/","logo":{"@type":"ImageObject","inLanguage":"de","@id":"https:\/\/e-moz.ch\/#\/schema\/logo\/image\/","url":"https:\/\/e-moz.ch\/wp-content\/uploads\/2023\/06\/pierre-schmid-logo-1581346465.png","contentUrl":"https:\/\/e-moz.ch\/wp-content\/uploads\/2023\/06\/pierre-schmid-logo-1581346465.png","width":281,"height":104,"caption":"Swiss Levage et Fournitures Industrielles s\u00e0rl"},"image":{"@id":"https:\/\/e-moz.ch\/#\/schema\/logo\/image\/"}}]}},"_links":{"self":[{"href":"https:\/\/e-moz.ch\/de\/wp-json\/wp\/v2\/pages\/22","targetHints":{"allow":["GET"]}}],"collection":[{"href":"https:\/\/e-moz.ch\/de\/wp-json\/wp\/v2\/pages"}],"about":[{"href":"https:\/\/e-moz.ch\/de\/wp-json\/wp\/v2\/types\/page"}],"author":[{"embeddable":true,"href":"https:\/\/e-moz.ch\/de\/wp-json\/wp\/v2\/users\/1"}],"replies":[{"embeddable":true,"href":"https:\/\/e-moz.ch\/de\/wp-json\/wp\/v2\/comments?post=22"}],"version-history":[{"count":9,"href":"https:\/\/e-moz.ch\/de\/wp-json\/wp\/v2\/pages\/22\/revisions"}],"predecessor-version":[{"id":3145,"href":"https:\/\/e-moz.ch\/de\/wp-json\/wp\/v2\/pages\/22\/revisions\/3145"}],"wp:attachment":[{"href":"https:\/\/e-moz.ch\/de\/wp-json\/wp\/v2\/media?parent=22"}],"curies":[{"name":"wp","href":"https:\/\/api.w.org\/{rel}","templated":true}]}}