{"id":46,"date":"2023-06-12T09:24:24","date_gmt":"2023-06-12T07:24:24","guid":{"rendered":"https:\/\/e-moz.ch\/?page_id=46"},"modified":"2023-11-17T08:59:24","modified_gmt":"2023-11-17T07:59:24","slug":"conditions-generales-dutilisation","status":"publish","type":"page","link":"https:\/\/e-moz.ch\/de\/entreprise\/conditions-generales-dutilisation\/","title":{"rendered":"Nutzungsbedingungen"},"content":{"rendered":"","protected":false},"excerpt":{"rendered":"","protected":false},"author":1,"featured_media":0,"parent":36,"menu_order":0,"comment_status":"closed","ping_status":"closed","template":"","meta":{"_et_pb_use_builder":"on","_et_pb_old_content":"","_et_gb_content_width":"","footnotes":""},"class_list":["post-46","page","type-page","status-publish","hentry"],"yoast_head":"<!-- This site is optimized with the Yoast SEO plugin v27.4 - https:\/\/yoast.com\/product\/yoast-seo-wordpress\/ -->\n<title>Conditions g\u00e9n\u00e9rales d&#039;utilisation - Swiss Levage et Fournitures Industrielles s\u00e0rl<\/title>\n<meta name=\"description\" content=\"Consultez nos conditions g\u00e9n\u00e9rales d&#039;utilisation pour comprendre les termes et conditions r\u00e9gissant l&#039;interaction avec E-MOZ.\" \/>\n<meta name=\"robots\" content=\"index, follow, max-snippet:-1, max-image-preview:large, max-video-preview:-1\" \/>\n<link rel=\"canonical\" href=\"https:\/\/e-moz.ch\/de\/entreprise\/conditions-generales-dutilisation\/\" \/>\n<meta property=\"og:locale\" content=\"de_DE\" \/>\n<meta property=\"og:type\" content=\"article\" \/>\n<meta property=\"og:title\" content=\"Conditions g\u00e9n\u00e9rales d&#039;utilisation - Swiss Levage et Fournitures Industrielles s\u00e0rl\" \/>\n<meta property=\"og:description\" content=\"Consultez nos conditions g\u00e9n\u00e9rales d&#039;utilisation pour comprendre les termes et conditions r\u00e9gissant l&#039;interaction avec E-MOZ.\" \/>\n<meta property=\"og:url\" content=\"https:\/\/e-moz.ch\/de\/entreprise\/conditions-generales-dutilisation\/\" \/>\n<meta property=\"og:site_name\" content=\"Swiss Levage et Fournitures Industrielles s\u00e0rl\" \/>\n<meta property=\"article:modified_time\" content=\"2023-11-17T07:59:24+00:00\" \/>\n<meta name=\"twitter:card\" content=\"summary_large_image\" \/>\n<script type=\"application\/ld+json\" class=\"yoast-schema-graph\">{\"@context\":\"https:\\\/\\\/schema.org\",\"@graph\":[{\"@type\":\"WebPage\",\"@id\":\"https:\\\/\\\/e-moz.ch\\\/entreprise\\\/conditions-generales-dutilisation\\\/\",\"url\":\"https:\\\/\\\/e-moz.ch\\\/entreprise\\\/conditions-generales-dutilisation\\\/\",\"name\":\"Conditions g\u00e9n\u00e9rales d'utilisation - Swiss Levage et Fournitures Industrielles s\u00e0rl\",\"isPartOf\":{\"@id\":\"https:\\\/\\\/e-moz.ch\\\/#website\"},\"datePublished\":\"2023-06-12T07:24:24+00:00\",\"dateModified\":\"2023-11-17T07:59:24+00:00\",\"description\":\"Consultez nos conditions g\u00e9n\u00e9rales d'utilisation pour comprendre les termes et conditions r\u00e9gissant l'interaction avec E-MOZ.\",\"breadcrumb\":{\"@id\":\"https:\\\/\\\/e-moz.ch\\\/entreprise\\\/conditions-generales-dutilisation\\\/#breadcrumb\"},\"inLanguage\":\"de\",\"potentialAction\":[{\"@type\":\"ReadAction\",\"target\":[\"https:\\\/\\\/e-moz.ch\\\/entreprise\\\/conditions-generales-dutilisation\\\/\"]}]},{\"@type\":\"BreadcrumbList\",\"@id\":\"https:\\\/\\\/e-moz.ch\\\/entreprise\\\/conditions-generales-dutilisation\\\/#breadcrumb\",\"itemListElement\":[{\"@type\":\"ListItem\",\"position\":1,\"name\":\"Accueil\",\"item\":\"https:\\\/\\\/e-moz.ch\\\/\"},{\"@type\":\"ListItem\",\"position\":2,\"name\":\"Entreprise\",\"item\":\"https:\\\/\\\/e-moz.ch\\\/entreprise\\\/\"},{\"@type\":\"ListItem\",\"position\":3,\"name\":\"Conditions g\u00e9n\u00e9rales d&rsquo;utilisation\"}]},{\"@type\":\"WebSite\",\"@id\":\"https:\\\/\\\/e-moz.ch\\\/#website\",\"url\":\"https:\\\/\\\/e-moz.ch\\\/\",\"name\":\"Swiss Levage et Fournitures Industrielles s\u00e0rl\",\"description\":\"E-MOZ, votre fournisseur pour le levage, les fournitures industrielles et les fournitures sp\u00e9ciales\",\"publisher\":{\"@id\":\"https:\\\/\\\/e-moz.ch\\\/#organization\"},\"potentialAction\":[{\"@type\":\"SearchAction\",\"target\":{\"@type\":\"EntryPoint\",\"urlTemplate\":\"https:\\\/\\\/e-moz.ch\\\/?s={search_term_string}\"},\"query-input\":{\"@type\":\"PropertyValueSpecification\",\"valueRequired\":true,\"valueName\":\"search_term_string\"}}],\"inLanguage\":\"de\"},{\"@type\":\"Organization\",\"@id\":\"https:\\\/\\\/e-moz.ch\\\/#organization\",\"name\":\"Swiss Levage et Fournitures Industrielles s\u00e0rl\",\"url\":\"https:\\\/\\\/e-moz.ch\\\/\",\"logo\":{\"@type\":\"ImageObject\",\"inLanguage\":\"de\",\"@id\":\"https:\\\/\\\/e-moz.ch\\\/#\\\/schema\\\/logo\\\/image\\\/\",\"url\":\"https:\\\/\\\/e-moz.ch\\\/wp-content\\\/uploads\\\/2023\\\/06\\\/pierre-schmid-logo-1581346465.png\",\"contentUrl\":\"https:\\\/\\\/e-moz.ch\\\/wp-content\\\/uploads\\\/2023\\\/06\\\/pierre-schmid-logo-1581346465.png\",\"width\":281,\"height\":104,\"caption\":\"Swiss Levage et Fournitures Industrielles s\u00e0rl\"},\"image\":{\"@id\":\"https:\\\/\\\/e-moz.ch\\\/#\\\/schema\\\/logo\\\/image\\\/\"}}]}<\/script>\n<!-- \/ Yoast SEO plugin. -->","yoast_head_json":{"title":"Conditions g\u00e9n\u00e9rales d'utilisation - Swiss Levage et Fournitures Industrielles s\u00e0rl","description":"Consultez nos conditions g\u00e9n\u00e9rales d'utilisation pour comprendre les termes et conditions r\u00e9gissant l'interaction avec E-MOZ.","robots":{"index":"index","follow":"follow","max-snippet":"max-snippet:-1","max-image-preview":"max-image-preview:large","max-video-preview":"max-video-preview:-1"},"canonical":"https:\/\/e-moz.ch\/de\/entreprise\/conditions-generales-dutilisation\/","og_locale":"de_DE","og_type":"article","og_title":"Conditions g\u00e9n\u00e9rales d'utilisation - Swiss Levage et Fournitures Industrielles s\u00e0rl","og_description":"Consultez nos conditions g\u00e9n\u00e9rales d'utilisation pour comprendre les termes et conditions r\u00e9gissant l'interaction avec E-MOZ.","og_url":"https:\/\/e-moz.ch\/de\/entreprise\/conditions-generales-dutilisation\/","og_site_name":"Swiss Levage et Fournitures Industrielles s\u00e0rl","article_modified_time":"2023-11-17T07:59:24+00:00","twitter_card":"summary_large_image","schema":{"@context":"https:\/\/schema.org","@graph":[{"@type":"WebPage","@id":"https:\/\/e-moz.ch\/entreprise\/conditions-generales-dutilisation\/","url":"https:\/\/e-moz.ch\/entreprise\/conditions-generales-dutilisation\/","name":"Conditions g\u00e9n\u00e9rales d'utilisation - Swiss Levage et Fournitures Industrielles s\u00e0rl","isPartOf":{"@id":"https:\/\/e-moz.ch\/#website"},"datePublished":"2023-06-12T07:24:24+00:00","dateModified":"2023-11-17T07:59:24+00:00","description":"Consultez nos conditions g\u00e9n\u00e9rales d'utilisation pour comprendre les termes et conditions r\u00e9gissant l'interaction avec E-MOZ.","breadcrumb":{"@id":"https:\/\/e-moz.ch\/entreprise\/conditions-generales-dutilisation\/#breadcrumb"},"inLanguage":"de","potentialAction":[{"@type":"ReadAction","target":["https:\/\/e-moz.ch\/entreprise\/conditions-generales-dutilisation\/"]}]},{"@type":"BreadcrumbList","@id":"https:\/\/e-moz.ch\/entreprise\/conditions-generales-dutilisation\/#breadcrumb","itemListElement":[{"@type":"ListItem","position":1,"name":"Accueil","item":"https:\/\/e-moz.ch\/"},{"@type":"ListItem","position":2,"name":"Entreprise","item":"https:\/\/e-moz.ch\/entreprise\/"},{"@type":"ListItem","position":3,"name":"Conditions g\u00e9n\u00e9rales d&rsquo;utilisation"}]},{"@type":"WebSite","@id":"https:\/\/e-moz.ch\/#website","url":"https:\/\/e-moz.ch\/","name":"Swiss Levage et Fournitures Industrielles S\u00e0rl","description":"E-MOZ, Ihr Lieferant f\u00fcr Hebetechnik, Industriebedarf und Spezialbedarf","publisher":{"@id":"https:\/\/e-moz.ch\/#organization"},"potentialAction":[{"@type":"SearchAction","target":{"@type":"EntryPoint","urlTemplate":"https:\/\/e-moz.ch\/?s={search_term_string}"},"query-input":{"@type":"PropertyValueSpecification","valueRequired":true,"valueName":"search_term_string"}}],"inLanguage":"de"},{"@type":"Organization","@id":"https:\/\/e-moz.ch\/#organization","name":"Swiss Levage et Fournitures Industrielles S\u00e0rl","url":"https:\/\/e-moz.ch\/","logo":{"@type":"ImageObject","inLanguage":"de","@id":"https:\/\/e-moz.ch\/#\/schema\/logo\/image\/","url":"https:\/\/e-moz.ch\/wp-content\/uploads\/2023\/06\/pierre-schmid-logo-1581346465.png","contentUrl":"https:\/\/e-moz.ch\/wp-content\/uploads\/2023\/06\/pierre-schmid-logo-1581346465.png","width":281,"height":104,"caption":"Swiss Levage et Fournitures Industrielles s\u00e0rl"},"image":{"@id":"https:\/\/e-moz.ch\/#\/schema\/logo\/image\/"}}]}},"_links":{"self":[{"href":"https:\/\/e-moz.ch\/de\/wp-json\/wp\/v2\/pages\/46","targetHints":{"allow":["GET"]}}],"collection":[{"href":"https:\/\/e-moz.ch\/de\/wp-json\/wp\/v2\/pages"}],"about":[{"href":"https:\/\/e-moz.ch\/de\/wp-json\/wp\/v2\/types\/page"}],"author":[{"embeddable":true,"href":"https:\/\/e-moz.ch\/de\/wp-json\/wp\/v2\/users\/1"}],"replies":[{"embeddable":true,"href":"https:\/\/e-moz.ch\/de\/wp-json\/wp\/v2\/comments?post=46"}],"version-history":[{"count":2,"href":"https:\/\/e-moz.ch\/de\/wp-json\/wp\/v2\/pages\/46\/revisions"}],"predecessor-version":[{"id":3132,"href":"https:\/\/e-moz.ch\/de\/wp-json\/wp\/v2\/pages\/46\/revisions\/3132"}],"up":[{"embeddable":true,"href":"https:\/\/e-moz.ch\/de\/wp-json\/wp\/v2\/pages\/36"}],"wp:attachment":[{"href":"https:\/\/e-moz.ch\/de\/wp-json\/wp\/v2\/media?parent=46"}],"curies":[{"name":"wp","href":"https:\/\/api.w.org\/{rel}","templated":true}]}}