{"id":48,"date":"2023-06-12T09:24:53","date_gmt":"2023-06-12T07:24:53","guid":{"rendered":"https:\/\/e-moz.ch\/?page_id=48"},"modified":"2023-11-24T11:22:38","modified_gmt":"2023-11-24T10:22:38","slug":"engagement","status":"publish","type":"page","link":"https:\/\/e-moz.ch\/de\/entreprise\/engagement\/","title":{"rendered":"Engagement"},"content":{"rendered":"<p>[et_pb_section fb_built=\u00a0\u00bb1&Prime; _builder_version=\u00a0\u00bb4.22.1&Prime; _module_preset=\u00a0\u00bbdefault\u00a0\u00bb use_background_color_gradient=\u00a0\u00bbon\u00a0\u00bb background_color_gradient_direction=\u00a0\u00bb118deg\u00a0\u00bb background_color_gradient_stops=\u00a0\u00bbrgba(255,144,0,0.3) 0%|rgba(255,102,0,0.3) 42%|rgba(54,84,135,0.3) 100%\u00a0\u00bb custom_padding=\u00a0\u00bb||0px|||\u00a0\u00bb global_colors_info=\u00a0\u00bb{}\u00a0\u00bb][et_pb_row _builder_version=\u00a0\u00bb4.22.1&Prime; _module_preset=\u00a0\u00bbdefault\u00a0\u00bb width=\u00a0\u00bb90%\u00a0\u00bb max_width=\u00a0\u00bb2560px\u00a0\u00bb global_colors_info=\u00a0\u00bb{}\u00a0\u00bb][et_pb_column type=\u00a0\u00bb4_4&Prime; _builder_version=\u00a0\u00bb4.22.1&Prime; _module_preset=\u00a0\u00bbdefault\u00a0\u00bb global_colors_info=\u00a0\u00bb{}\u00a0\u00bb][et_pb_text _builder_version=\u00a0\u00bb4.23.1&Prime; _module_preset=\u00a0\u00bbdefault\u00a0\u00bb text_font=\u00a0\u00bbMontserrat||||||||\u00a0\u00bb text_text_color=\u00a0\u00bb#000000&Prime; text_font_size=\u00a0\u00bb17px\u00a0\u00bb text_line_height=\u00a0\u00bb1.4em\u00a0\u00bb header_font=\u00a0\u00bbMontserrat|600|||||||\u00a0\u00bb header_text_color=\u00a0\u00bb#101010&Prime; header_font_size=\u00a0\u00bb35px\u00a0\u00bb header_line_height=\u00a0\u00bb1.6em\u00a0\u00bb custom_margin=\u00a0\u00bb9vh|40vw|||false|false\u00a0\u00bb custom_margin_tablet=\u00a0\u00bb9vh|3vw|||false|false\u00a0\u00bb custom_margin_phone=\u00a0\u00bb9vh|3vh||3vh|false|true\u00a0\u00bb custom_margin_last_edited=\u00a0\u00bbon|phone\u00a0\u00bb hover_enabled=\u00a0\u00bb0&Prime; global_colors_info=\u00a0\u00bb{}\u00a0\u00bb sticky_enabled=\u00a0\u00bb0&Prime;]<\/p>\n<h1>Notre engagement depuis plus de 20 ans<\/h1>\n<p>Partenaire de vos projets, de la s\u00e9curit\u00e9 et de la fiabilit\u00e9 de vos installation, nos produits respectent les normes ISO les plus strictes et sont test\u00e9s en environnement s\u00e9curis\u00e9s. Nous sommes garant de leur qualit\u00e9.<\/p>\n<p>[\/et_pb_text][et_pb_button button_url=\u00a0\u00bb@ET-DC@eyJkeW5hbWljIjp0cnVlLCJjb250ZW50IjoicG9zdF9saW5rX3VybF9wYWdlIiwic2V0dGluZ3MiOnsicG9zdF9pZCI6IjE5In19@\u00a0\u00bb button_text=\u00a0\u00bbNotre E-SHOP       \u00a0\u00bb button_alignment_tablet=\u00a0\u00bbcenter\u00a0\u00bb button_alignment_phone=\u00a0\u00bbcenter\u00a0\u00bb button_alignment_last_edited=\u00a0\u00bbon|phone\u00a0\u00bb _builder_version=\u00a0\u00bb4.23.1&Prime; _dynamic_attributes=\u00a0\u00bbbutton_url\u00a0\u00bb _module_preset=\u00a0\u00bbdefault\u00a0\u00bb custom_button=\u00a0\u00bbon\u00a0\u00bb button_text_size=\u00a0\u00bb20px\u00a0\u00bb button_text_color=\u00a0\u00bb#365487&Prime; button_bg_color=\u00a0\u00bb#fed30b\u00a0\u00bb button_border_width=\u00a0\u00bb0px\u00a0\u00bb button_font=\u00a0\u00bbMontserrat||||||||\u00a0\u00bb button_icon=\u00a0\u00bb&#xf291;||fa||900&Prime; button_icon_color=\u00a0\u00bb#365487&Prime; button_on_hover=\u00a0\u00bboff\u00a0\u00bb custom_margin=\u00a0\u00bb10vh||||false|false\u00a0\u00bb custom_padding=\u00a0\u00bb30px|100px|30px|50px|true|false\u00a0\u00bb hover_enabled=\u00a0\u00bb0&Prime; global_colors_info=\u00a0\u00bb{}\u00a0\u00bb sticky_enabled=\u00a0\u00bb0&Prime;][\/et_pb_button][\/et_pb_column][\/et_pb_row][\/et_pb_section][et_pb_section fb_built=\u00a0\u00bb1&Prime; next_background_color=\u00a0\u00bb#365487&Prime; _builder_version=\u00a0\u00bb4.23.1&Prime; _module_preset=\u00a0\u00bbdefault\u00a0\u00bb background_color=\u00a0\u00bb#fed30b\u00a0\u00bb custom_margin=\u00a0\u00bb||||false|false\u00a0\u00bb custom_padding=\u00a0\u00bb||0px||false|false\u00a0\u00bb bottom_divider_style=\u00a0\u00bbslant\u00a0\u00bb global_colors_info=\u00a0\u00bb{}\u00a0\u00bb][et_pb_row column_structure=\u00a0\u00bb3_5,2_5&Prime; use_custom_gutter=\u00a0\u00bbon\u00a0\u00bb gutter_width=\u00a0\u00bb2&Prime; _builder_version=\u00a0\u00bb4.22.1&Prime; _module_preset=\u00a0\u00bbdefault\u00a0\u00bb width=\u00a0\u00bb100%\u00a0\u00bb max_width=\u00a0\u00bb2560px\u00a0\u00bb custom_padding=\u00a0\u00bb||28vh||false|false\u00a0\u00bb global_colors_info=\u00a0\u00bb{}\u00a0\u00bb][et_pb_column type=\u00a0\u00bb3_5&Prime; _builder_version=\u00a0\u00bb4.21.0&Prime; _module_preset=\u00a0\u00bbdefault\u00a0\u00bb global_colors_info=\u00a0\u00bb{}\u00a0\u00bb][et_pb_text _builder_version=\u00a0\u00bb4.23.1&Prime; _module_preset=\u00a0\u00bbdefault\u00a0\u00bb header_2_font=\u00a0\u00bbMontserrat||||||||\u00a0\u00bb header_2_text_color=\u00a0\u00bb#101010&Prime; header_2_font_size=\u00a0\u00bb30px\u00a0\u00bb header_2_line_height=\u00a0\u00bb1.3em\u00a0\u00bb custom_margin=\u00a0\u00bb10vh|||4vw|false|false\u00a0\u00bb custom_margin_tablet=\u00a0\u00bb10vh|||4vw|false|false\u00a0\u00bb custom_margin_phone=\u00a0\u00bb10vh|2vh||2vh|false|true\u00a0\u00bb custom_margin_last_edited=\u00a0\u00bbon|phone\u00a0\u00bb global_colors_info=\u00a0\u00bb{}\u00a0\u00bb]<\/p>\n<h2>Comprendre, \u00e9valuer, calculer, trouver le bon produit et rendre possible vos projets<\/h2>\n<p>[\/et_pb_text][et_pb_text _builder_version=\u00a0\u00bb4.22.1&Prime; _module_preset=\u00a0\u00bbdefault\u00a0\u00bb text_font=\u00a0\u00bbPoppins||on||||||\u00a0\u00bb text_text_color=\u00a0\u00bb#000000&Prime; text_font_size=\u00a0\u00bb17px\u00a0\u00bb text_line_height=\u00a0\u00bb1.4em\u00a0\u00bb custom_margin=\u00a0\u00bb|9vw||7vh|false|false\u00a0\u00bb global_colors_info=\u00a0\u00bb{}\u00a0\u00bb]<\/p>\n<p><em>\u00ab\u00a0Notre \u00e9quipe vous accompagne dans la r\u00e9alisation de vos projets. Nous sommes partenaires de la s\u00e9curit\u00e9 et de la fiabilit\u00e9 de vos installations\u00a0\u00bb<\/em><\/p>\n<p>[\/et_pb_text][et_pb_button button_url=\u00a0\u00bb@ET-DC@eyJkeW5hbWljIjp0cnVlLCJjb250ZW50IjoicG9zdF9saW5rX3VybF9wYWdlIiwic2V0dGluZ3MiOnsicG9zdF9pZCI6IjUwIn19@\u00a0\u00bb button_text=\u00a0\u00bbD\u00e9couvrir notre \u00e9quipe\u00a0\u00bb _builder_version=\u00a0\u00bb4.23.1&Prime; _dynamic_attributes=\u00a0\u00bbbutton_url\u00a0\u00bb _module_preset=\u00a0\u00bbdefault\u00a0\u00bb custom_button=\u00a0\u00bbon\u00a0\u00bb button_text_color=\u00a0\u00bb#000000&Prime; button_border_width=\u00a0\u00bb2px\u00a0\u00bb button_border_radius=\u00a0\u00bb0px\u00a0\u00bb custom_margin=\u00a0\u00bb7vh||7vh|7vh|true|false\u00a0\u00bb custom_padding=\u00a0\u00bb2vh|3vh|2vh|3vh|true|true\u00a0\u00bb hover_enabled=\u00a0\u00bb0&Prime; global_colors_info=\u00a0\u00bb{}\u00a0\u00bb button_alignment_last_edited=\u00a0\u00bbon|tablet\u00a0\u00bb button_alignment_tablet=\u00a0\u00bbcenter\u00a0\u00bb custom_margin_last_edited=\u00a0\u00bbon|tablet\u00a0\u00bb custom_margin_tablet=\u00a0\u00bb7vh|||0vh|false|false\u00a0\u00bb sticky_enabled=\u00a0\u00bb0&Prime; button_alignment_phone=\u00a0\u00bbcenter\u00a0\u00bb custom_margin_phone=\u00a0\u00bb7vh|||0vh|false|false\u00a0\u00bb][\/et_pb_button][\/et_pb_column][et_pb_column type=\u00a0\u00bb2_5&Prime; _builder_version=\u00a0\u00bb4.21.0&Prime; _module_preset=\u00a0\u00bbdefault\u00a0\u00bb global_colors_info=\u00a0\u00bb{}\u00a0\u00bb][et_pb_image src=\u00a0\u00bbhttps:\/\/e-moz.ch\/wp-content\/uploads\/2023\/11\/Glsaettli_01.jpg\u00a0\u00bb title_text=\u00a0\u00bbGlsaettli_01&Prime; align=\u00a0\u00bbcenter\u00a0\u00bb disabled_on=\u00a0\u00bbon|on|off\u00a0\u00bb _builder_version=\u00a0\u00bb4.23.1&Prime; _module_preset=\u00a0\u00bbdefault\u00a0\u00bb max_width=\u00a0\u00bb66%\u00a0\u00bb custom_margin=\u00a0\u00bb-315px||||false|false\u00a0\u00bb hover_enabled=\u00a0\u00bb0&Prime; border_radii=\u00a0\u00bbon|210px|210px|210px|210px\u00a0\u00bb global_colors_info=\u00a0\u00bb{}\u00a0\u00bb custom_margin_last_edited=\u00a0\u00bbon|tablet\u00a0\u00bb custom_margin_tablet=\u00a0\u00bb-10px||||false|false\u00a0\u00bb sticky_enabled=\u00a0\u00bb0&Prime; custom_margin_phone=\u00a0\u00bb-10px||||false|false\u00a0\u00bb][\/et_pb_image][\/et_pb_column][\/et_pb_row][\/et_pb_section][et_pb_section fb_built=\u00a0\u00bb1&Prime; _builder_version=\u00a0\u00bb4.23.1&Prime; _module_preset=\u00a0\u00bbdefault\u00a0\u00bb background_color=\u00a0\u00bb#365487&Prime; custom_margin=\u00a0\u00bb||||false|false\u00a0\u00bb custom_padding=\u00a0\u00bb0px||||false|false\u00a0\u00bb global_colors_info=\u00a0\u00bb{}\u00a0\u00bb][et_pb_row column_structure=\u00a0\u00bb3_5,2_5&Prime; _builder_version=\u00a0\u00bb4.22.1&Prime; _module_preset=\u00a0\u00bbdefault\u00a0\u00bb width=\u00a0\u00bb95%\u00a0\u00bb max_width=\u00a0\u00bb2560px\u00a0\u00bb custom_margin=\u00a0\u00bb0vh|auto||auto|false|false\u00a0\u00bb global_colors_info=\u00a0\u00bb{}\u00a0\u00bb][et_pb_column type=\u00a0\u00bb3_5&Prime; _builder_version=\u00a0\u00bb4.22.1&Prime; _module_preset=\u00a0\u00bbdefault\u00a0\u00bb global_colors_info=\u00a0\u00bb{}\u00a0\u00bb][et_pb_text _builder_version=\u00a0\u00bb4.23.1&Prime; _module_preset=\u00a0\u00bbdefault\u00a0\u00bb header_2_font=\u00a0\u00bbMontserrat||||||||\u00a0\u00bb header_2_text_color=\u00a0\u00bb#FFFFFF\u00a0\u00bb header_2_font_size=\u00a0\u00bb30px\u00a0\u00bb header_2_line_height=\u00a0\u00bb1.6em\u00a0\u00bb custom_margin=\u00a0\u00bb|6vw|||false|false\u00a0\u00bb custom_padding=\u00a0\u00bb8vh||||false|false\u00a0\u00bb global_colors_info=\u00a0\u00bb{}\u00a0\u00bb]<\/p>\n<h2>A votre service, pour toutes vos demandes<\/h2>\n<p>[\/et_pb_text][et_pb_text _builder_version=\u00a0\u00bb4.22.1&Prime; _module_preset=\u00a0\u00bbdefault\u00a0\u00bb text_text_color=\u00a0\u00bb#FFFFFF\u00a0\u00bb text_font_size=\u00a0\u00bb17px\u00a0\u00bb text_line_height=\u00a0\u00bb1.4em\u00a0\u00bb header_2_font=\u00a0\u00bbPoppins||||||||\u00a0\u00bb header_2_text_color=\u00a0\u00bb#FFFFFF\u00a0\u00bb header_2_font_size=\u00a0\u00bb45px\u00a0\u00bb custom_margin=\u00a0\u00bb|14vw|||false|false\u00a0\u00bb global_colors_info=\u00a0\u00bb{}\u00a0\u00bb]<\/p>\n<p>Comprendre vos besoins est notre motivation premi\u00e8re. Demandez nous une offre pour un devis d\u00e9taill\u00e9 et personnalis\u00e9.<\/p>\n<p>[\/et_pb_text][et_pb_button button_url=\u00a0\u00bb@ET-DC@eyJkeW5hbWljIjp0cnVlLCJjb250ZW50IjoicG9zdF9saW5rX3VybF9wYWdlIiwic2V0dGluZ3MiOnsicG9zdF9pZCI6IjU0In19@\u00a0\u00bb button_text=\u00a0\u00bbDemander une offre\u00a0\u00bb _builder_version=\u00a0\u00bb4.23.1&Prime; _dynamic_attributes=\u00a0\u00bbbutton_url\u00a0\u00bb _module_preset=\u00a0\u00bbdefault\u00a0\u00bb custom_button=\u00a0\u00bbon\u00a0\u00bb button_text_size=\u00a0\u00bb20px\u00a0\u00bb button_font=\u00a0\u00bbPoppins||||||||\u00a0\u00bb background_layout=\u00a0\u00bbdark\u00a0\u00bb custom_margin=\u00a0\u00bb10vh||10vh||true|false\u00a0\u00bb custom_padding=\u00a0\u00bb2vh|4vh|2vh|4vh|true|true\u00a0\u00bb hover_enabled=\u00a0\u00bb0&Prime; global_colors_info=\u00a0\u00bb{}\u00a0\u00bb button_alignment_last_edited=\u00a0\u00bbon|tablet\u00a0\u00bb button_alignment_tablet=\u00a0\u00bbcenter\u00a0\u00bb custom_margin_last_edited=\u00a0\u00bbon|tablet\u00a0\u00bb custom_margin_tablet=\u00a0\u00bb5vh||5vh||true|false\u00a0\u00bb sticky_enabled=\u00a0\u00bb0&Prime; button_alignment_phone=\u00a0\u00bbcenter\u00a0\u00bb custom_margin_phone=\u00a0\u00bb5vh||5vh||true|false\u00a0\u00bb][\/et_pb_button][\/et_pb_column][et_pb_column type=\u00a0\u00bb2_5&Prime; _builder_version=\u00a0\u00bb4.22.1&Prime; _module_preset=\u00a0\u00bbdefault\u00a0\u00bb global_colors_info=\u00a0\u00bb{}\u00a0\u00bb][et_pb_image src=\u00a0\u00bbhttps:\/\/e-moz.ch\/wp-content\/uploads\/2023\/09\/scott-graham-5fNmWej4tAA-unsplash-scaled.jpg\u00a0\u00bb title_text=\u00a0\u00bbscott-graham-5fNmWej4tAA-unsplash\u00a0\u00bb align=\u00a0\u00bbright\u00a0\u00bb disabled_on=\u00a0\u00bbon|off|off\u00a0\u00bb _builder_version=\u00a0\u00bb4.23.1&Prime; _module_preset=\u00a0\u00bbdefault\u00a0\u00bb transform_scale=\u00a0\u00bb80%|115%\u00a0\u00bb transform_scale_linked=\u00a0\u00bboff\u00a0\u00bb width=\u00a0\u00bb100%\u00a0\u00bb global_colors_info=\u00a0\u00bb{}\u00a0\u00bb][\/et_pb_image][\/et_pb_column][\/et_pb_row][\/et_pb_section]<\/p>\n","protected":false},"excerpt":{"rendered":"<p>Notre engagement depuis plus de 20 ans Partenaire de vos projets, de la s\u00e9curit\u00e9 et de la fiabilit\u00e9 de vos installation, nos produits respectent les normes ISO les plus strictes et sont test\u00e9s en environnement s\u00e9curis\u00e9s. Nous sommes garant de leur qualit\u00e9.Comprendre, \u00e9valuer, calculer, trouver le bon produit et rendre possible vos projets\u00a0\u00bbNotre \u00e9quipe vous [&hellip;]<\/p>\n","protected":false},"author":1,"featured_media":0,"parent":36,"menu_order":0,"comment_status":"closed","ping_status":"closed","template":"","meta":{"_et_pb_use_builder":"on","_et_pb_old_content":"","_et_gb_content_width":"","footnotes":""},"class_list":["post-48","page","type-page","status-publish","hentry"],"yoast_head":"<!-- This site is optimized with the Yoast SEO plugin v27.5 - https:\/\/yoast.com\/product\/yoast-seo-wordpress\/ -->\n<title>Engagement - Swiss Levage et Fournitures Industrielles s\u00e0rl<\/title>\n<meta name=\"description\" content=\"D\u00e9couvrez l&#039;engagement d&#039;E-MOZ envers la qualit\u00e9, la s\u00e9curit\u00e9 et la satisfaction client. Nous nous effor\u00e7ons d&#039;excellence dans tous nos projets de levage et fournitures industrielles pour r\u00e9pondre \u00e0 vos attentes.\" \/>\n<meta name=\"robots\" content=\"index, follow, max-snippet:-1, max-image-preview:large, max-video-preview:-1\" \/>\n<link rel=\"canonical\" href=\"https:\/\/e-moz.ch\/de\/entreprise\/engagement\/\" \/>\n<meta property=\"og:locale\" content=\"de_DE\" \/>\n<meta property=\"og:type\" content=\"article\" \/>\n<meta property=\"og:title\" content=\"Engagement - Swiss Levage et Fournitures Industrielles s\u00e0rl\" \/>\n<meta property=\"og:description\" content=\"D\u00e9couvrez l&#039;engagement d&#039;E-MOZ envers la qualit\u00e9, la s\u00e9curit\u00e9 et la satisfaction client. Nous nous effor\u00e7ons d&#039;excellence dans tous nos projets de levage et fournitures industrielles pour r\u00e9pondre \u00e0 vos attentes.\" \/>\n<meta property=\"og:url\" content=\"https:\/\/e-moz.ch\/de\/entreprise\/engagement\/\" \/>\n<meta property=\"og:site_name\" content=\"Swiss Levage et Fournitures Industrielles s\u00e0rl\" \/>\n<meta property=\"article:modified_time\" content=\"2023-11-24T10:22:38+00:00\" \/>\n<meta name=\"twitter:card\" content=\"summary_large_image\" \/>\n<meta name=\"twitter:label1\" content=\"Gesch\u00e4tzte Lesezeit\" \/>\n\t<meta name=\"twitter:data1\" content=\"2\u00a0Minuten\" \/>\n<script type=\"application\/ld+json\" class=\"yoast-schema-graph\">{\"@context\":\"https:\\\/\\\/schema.org\",\"@graph\":[{\"@type\":\"WebPage\",\"@id\":\"https:\\\/\\\/e-moz.ch\\\/entreprise\\\/engagement\\\/\",\"url\":\"https:\\\/\\\/e-moz.ch\\\/entreprise\\\/engagement\\\/\",\"name\":\"Engagement - Swiss Levage et Fournitures Industrielles s\u00e0rl\",\"isPartOf\":{\"@id\":\"https:\\\/\\\/e-moz.ch\\\/#website\"},\"datePublished\":\"2023-06-12T07:24:53+00:00\",\"dateModified\":\"2023-11-24T10:22:38+00:00\",\"description\":\"D\u00e9couvrez l'engagement d'E-MOZ envers la qualit\u00e9, la s\u00e9curit\u00e9 et la satisfaction client. Nous nous effor\u00e7ons d'excellence dans tous nos projets de levage et fournitures industrielles pour r\u00e9pondre \u00e0 vos attentes.\",\"breadcrumb\":{\"@id\":\"https:\\\/\\\/e-moz.ch\\\/entreprise\\\/engagement\\\/#breadcrumb\"},\"inLanguage\":\"de\",\"potentialAction\":[{\"@type\":\"ReadAction\",\"target\":[\"https:\\\/\\\/e-moz.ch\\\/entreprise\\\/engagement\\\/\"]}]},{\"@type\":\"BreadcrumbList\",\"@id\":\"https:\\\/\\\/e-moz.ch\\\/entreprise\\\/engagement\\\/#breadcrumb\",\"itemListElement\":[{\"@type\":\"ListItem\",\"position\":1,\"name\":\"Accueil\",\"item\":\"https:\\\/\\\/e-moz.ch\\\/\"},{\"@type\":\"ListItem\",\"position\":2,\"name\":\"Entreprise\",\"item\":\"https:\\\/\\\/e-moz.ch\\\/entreprise\\\/\"},{\"@type\":\"ListItem\",\"position\":3,\"name\":\"Engagement\"}]},{\"@type\":\"WebSite\",\"@id\":\"https:\\\/\\\/e-moz.ch\\\/#website\",\"url\":\"https:\\\/\\\/e-moz.ch\\\/\",\"name\":\"Swiss Levage et Fournitures Industrielles s\u00e0rl\",\"description\":\"E-MOZ, votre fournisseur pour le levage, les fournitures industrielles et les fournitures sp\u00e9ciales\",\"publisher\":{\"@id\":\"https:\\\/\\\/e-moz.ch\\\/#organization\"},\"potentialAction\":[{\"@type\":\"SearchAction\",\"target\":{\"@type\":\"EntryPoint\",\"urlTemplate\":\"https:\\\/\\\/e-moz.ch\\\/?s={search_term_string}\"},\"query-input\":{\"@type\":\"PropertyValueSpecification\",\"valueRequired\":true,\"valueName\":\"search_term_string\"}}],\"inLanguage\":\"de\"},{\"@type\":\"Organization\",\"@id\":\"https:\\\/\\\/e-moz.ch\\\/#organization\",\"name\":\"Swiss Levage et Fournitures Industrielles s\u00e0rl\",\"url\":\"https:\\\/\\\/e-moz.ch\\\/\",\"logo\":{\"@type\":\"ImageObject\",\"inLanguage\":\"de\",\"@id\":\"https:\\\/\\\/e-moz.ch\\\/#\\\/schema\\\/logo\\\/image\\\/\",\"url\":\"https:\\\/\\\/e-moz.ch\\\/wp-content\\\/uploads\\\/2023\\\/06\\\/pierre-schmid-logo-1581346465.png\",\"contentUrl\":\"https:\\\/\\\/e-moz.ch\\\/wp-content\\\/uploads\\\/2023\\\/06\\\/pierre-schmid-logo-1581346465.png\",\"width\":281,\"height\":104,\"caption\":\"Swiss Levage et Fournitures Industrielles s\u00e0rl\"},\"image\":{\"@id\":\"https:\\\/\\\/e-moz.ch\\\/#\\\/schema\\\/logo\\\/image\\\/\"}}]}<\/script>\n<!-- \/ Yoast SEO plugin. -->","yoast_head_json":{"title":"Engagement - Swiss Levage et Fournitures Industrielles s\u00e0rl","description":"D\u00e9couvrez l'engagement d'E-MOZ envers la qualit\u00e9, la s\u00e9curit\u00e9 et la satisfaction client. Nous nous effor\u00e7ons d'excellence dans tous nos projets de levage et fournitures industrielles pour r\u00e9pondre \u00e0 vos attentes.","robots":{"index":"index","follow":"follow","max-snippet":"max-snippet:-1","max-image-preview":"max-image-preview:large","max-video-preview":"max-video-preview:-1"},"canonical":"https:\/\/e-moz.ch\/de\/entreprise\/engagement\/","og_locale":"de_DE","og_type":"article","og_title":"Engagement - Swiss Levage et Fournitures Industrielles s\u00e0rl","og_description":"D\u00e9couvrez l'engagement d'E-MOZ envers la qualit\u00e9, la s\u00e9curit\u00e9 et la satisfaction client. Nous nous effor\u00e7ons d'excellence dans tous nos projets de levage et fournitures industrielles pour r\u00e9pondre \u00e0 vos attentes.","og_url":"https:\/\/e-moz.ch\/de\/entreprise\/engagement\/","og_site_name":"Swiss Levage et Fournitures Industrielles s\u00e0rl","article_modified_time":"2023-11-24T10:22:38+00:00","twitter_card":"summary_large_image","twitter_misc":{"Gesch\u00e4tzte Lesezeit":"2\u00a0Minuten"},"schema":{"@context":"https:\/\/schema.org","@graph":[{"@type":"WebPage","@id":"https:\/\/e-moz.ch\/entreprise\/engagement\/","url":"https:\/\/e-moz.ch\/entreprise\/engagement\/","name":"Engagement - Swiss Levage et Fournitures Industrielles s\u00e0rl","isPartOf":{"@id":"https:\/\/e-moz.ch\/#website"},"datePublished":"2023-06-12T07:24:53+00:00","dateModified":"2023-11-24T10:22:38+00:00","description":"D\u00e9couvrez l'engagement d'E-MOZ envers la qualit\u00e9, la s\u00e9curit\u00e9 et la satisfaction client. Nous nous effor\u00e7ons d'excellence dans tous nos projets de levage et fournitures industrielles pour r\u00e9pondre \u00e0 vos attentes.","breadcrumb":{"@id":"https:\/\/e-moz.ch\/entreprise\/engagement\/#breadcrumb"},"inLanguage":"de","potentialAction":[{"@type":"ReadAction","target":["https:\/\/e-moz.ch\/entreprise\/engagement\/"]}]},{"@type":"BreadcrumbList","@id":"https:\/\/e-moz.ch\/entreprise\/engagement\/#breadcrumb","itemListElement":[{"@type":"ListItem","position":1,"name":"Accueil","item":"https:\/\/e-moz.ch\/"},{"@type":"ListItem","position":2,"name":"Entreprise","item":"https:\/\/e-moz.ch\/entreprise\/"},{"@type":"ListItem","position":3,"name":"Engagement"}]},{"@type":"WebSite","@id":"https:\/\/e-moz.ch\/#website","url":"https:\/\/e-moz.ch\/","name":"Swiss Levage et Fournitures Industrielles S\u00e0rl","description":"E-MOZ, Ihr Lieferant f\u00fcr Hebetechnik, Industriebedarf und Spezialbedarf","publisher":{"@id":"https:\/\/e-moz.ch\/#organization"},"potentialAction":[{"@type":"SearchAction","target":{"@type":"EntryPoint","urlTemplate":"https:\/\/e-moz.ch\/?s={search_term_string}"},"query-input":{"@type":"PropertyValueSpecification","valueRequired":true,"valueName":"search_term_string"}}],"inLanguage":"de"},{"@type":"Organization","@id":"https:\/\/e-moz.ch\/#organization","name":"Swiss Levage et Fournitures Industrielles S\u00e0rl","url":"https:\/\/e-moz.ch\/","logo":{"@type":"ImageObject","inLanguage":"de","@id":"https:\/\/e-moz.ch\/#\/schema\/logo\/image\/","url":"https:\/\/e-moz.ch\/wp-content\/uploads\/2023\/06\/pierre-schmid-logo-1581346465.png","contentUrl":"https:\/\/e-moz.ch\/wp-content\/uploads\/2023\/06\/pierre-schmid-logo-1581346465.png","width":281,"height":104,"caption":"Swiss Levage et Fournitures Industrielles s\u00e0rl"},"image":{"@id":"https:\/\/e-moz.ch\/#\/schema\/logo\/image\/"}}]}},"_links":{"self":[{"href":"https:\/\/e-moz.ch\/de\/wp-json\/wp\/v2\/pages\/48","targetHints":{"allow":["GET"]}}],"collection":[{"href":"https:\/\/e-moz.ch\/de\/wp-json\/wp\/v2\/pages"}],"about":[{"href":"https:\/\/e-moz.ch\/de\/wp-json\/wp\/v2\/types\/page"}],"author":[{"embeddable":true,"href":"https:\/\/e-moz.ch\/de\/wp-json\/wp\/v2\/users\/1"}],"replies":[{"embeddable":true,"href":"https:\/\/e-moz.ch\/de\/wp-json\/wp\/v2\/comments?post=48"}],"version-history":[{"count":6,"href":"https:\/\/e-moz.ch\/de\/wp-json\/wp\/v2\/pages\/48\/revisions"}],"predecessor-version":[{"id":3229,"href":"https:\/\/e-moz.ch\/de\/wp-json\/wp\/v2\/pages\/48\/revisions\/3229"}],"up":[{"embeddable":true,"href":"https:\/\/e-moz.ch\/de\/wp-json\/wp\/v2\/pages\/36"}],"wp:attachment":[{"href":"https:\/\/e-moz.ch\/de\/wp-json\/wp\/v2\/media?parent=48"}],"curies":[{"name":"wp","href":"https:\/\/api.w.org\/{rel}","templated":true}]}}