{"id":1924,"date":"2023-11-10T13:47:33","date_gmt":"2023-11-10T12:47:33","guid":{"rendered":"https:\/\/e-moz.ch\/produit\/palan-a-chaine-electrique-fah10-1000kg-3m\/"},"modified":"2025-03-24T09:29:25","modified_gmt":"2025-03-24T08:29:25","slug":"palan-a-chaine-electrique-fah10-1000kg-3m","status":"publish","type":"product","link":"https:\/\/e-moz.ch\/de\/produkt\/palan-a-chaine-electrique-fah10-1000kg-3m\/","title":{"rendered":"Elektrokettenzug FAH10\/1000KG\/3M"},"content":{"rendered":"","protected":false},"excerpt":{"rendered":"<p>Palan \u00e0 cha\u00eene \u00e9lectrique FAH10\/1000KG\/3M de la marque REMA<\/p>","protected":false},"featured_media":2008,"comment_status":"closed","ping_status":"closed","template":"","meta":{"_et_pb_use_builder":"","_et_pb_old_content":"","_et_gb_content_width":""},"product_brand":[],"product_cat":[78,202,289],"product_tag":[],"class_list":{"0":"post-1924","1":"product","2":"type-product","3":"status-publish","4":"has-post-thumbnail","6":"product_cat-equipement-de-levage","7":"product_cat-palans","8":"product_cat-palans-a-chaine-electrique","9":"pa_lien-pdf-francais-https-emoz-yetinc-ch-wp-content-uploads-2023-11-fah-f-pdf","10":"pa_marque-rema","11":"pa_pdf-link-auf-deutsch-https-emoz-yetinc-ch-wp-content-uploads-2023-11-fah-d-pdf","12":"pa_pdf-link-in-english-https-emoz-yetinc-ch-wp-content-uploads-2023-11-fah-e-pdf","14":"first","15":"instock","16":"taxable","17":"shipping-taxable","18":"purchasable","19":"product-type-simple"},"yoast_head":"<!-- This site is optimized with the Yoast SEO plugin v27.3 - https:\/\/yoast.com\/product\/yoast-seo-wordpress\/ -->\n<title>Palan \u00e0 cha\u00eene \u00e9lectrique FAH10\/1000KG\/3M<\/title>\n<meta name=\"description\" content=\"Palan \u00e0 cha\u00eene \u00e9lectrique FAH10\/1000KG\/3M de la marque REMA\" \/>\n<meta name=\"robots\" content=\"index, follow, max-snippet:-1, max-image-preview:large, max-video-preview:-1\" \/>\n<link rel=\"canonical\" href=\"https:\/\/e-moz.ch\/de\/produkt\/palan-a-chaine-electrique-fah10-1000kg-3m\/\" \/>\n<meta property=\"og:locale\" content=\"de_DE\" \/>\n<meta property=\"og:type\" content=\"article\" \/>\n<meta property=\"og:title\" content=\"Palan \u00e0 cha\u00eene \u00e9lectrique FAH10\/1000KG\/3M\" \/>\n<meta property=\"og:description\" content=\"Palan \u00e0 cha\u00eene \u00e9lectrique FAH10\/1000KG\/3M de la marque REMA\" \/>\n<meta property=\"og:url\" content=\"https:\/\/e-moz.ch\/de\/produkt\/palan-a-chaine-electrique-fah10-1000kg-3m\/\" \/>\n<meta property=\"og:site_name\" content=\"Swiss Levage et Fournitures Industrielles s\u00e0rl\" \/>\n<meta property=\"article:modified_time\" content=\"2025-03-24T08:29:25+00:00\" \/>\n<meta property=\"og:image\" content=\"https:\/\/e-moz.ch\/wp-content\/uploads\/2023\/11\/FAH-1-3-scaled.jpg\" \/>\n\t<meta property=\"og:image:width\" content=\"1171\" \/>\n\t<meta property=\"og:image:height\" content=\"2560\" \/>\n\t<meta property=\"og:image:type\" content=\"image\/jpeg\" \/>\n<meta name=\"twitter:card\" content=\"summary_large_image\" \/>\n<meta name=\"twitter:label1\" content=\"Gesch\u00e4tzte Lesezeit\" \/>\n\t<meta name=\"twitter:data1\" content=\"1\u00a0Minute\" \/>\n<script type=\"application\/ld+json\" class=\"yoast-schema-graph\">{\"@context\":\"https:\\\/\\\/schema.org\",\"@graph\":[{\"@type\":\"WebPage\",\"@id\":\"https:\\\/\\\/e-moz.ch\\\/produit\\\/palan-a-chaine-electrique-fah10-1000kg-3m\\\/\",\"url\":\"https:\\\/\\\/e-moz.ch\\\/produit\\\/palan-a-chaine-electrique-fah10-1000kg-3m\\\/\",\"name\":\"Palan \u00e0 cha\u00eene \u00e9lectrique FAH10\\\/1000KG\\\/3M\",\"isPartOf\":{\"@id\":\"https:\\\/\\\/e-moz.ch\\\/#website\"},\"primaryImageOfPage\":{\"@id\":\"https:\\\/\\\/e-moz.ch\\\/produit\\\/palan-a-chaine-electrique-fah10-1000kg-3m\\\/#primaryimage\"},\"image\":{\"@id\":\"https:\\\/\\\/e-moz.ch\\\/produit\\\/palan-a-chaine-electrique-fah10-1000kg-3m\\\/#primaryimage\"},\"thumbnailUrl\":\"https:\\\/\\\/e-moz.ch\\\/wp-content\\\/uploads\\\/2023\\\/11\\\/FAH-1-3-scaled.jpg\",\"datePublished\":\"2023-11-10T12:47:33+00:00\",\"dateModified\":\"2025-03-24T08:29:25+00:00\",\"description\":\"Palan \u00e0 cha\u00eene \u00e9lectrique FAH10\\\/1000KG\\\/3M de la marque REMA\",\"breadcrumb\":{\"@id\":\"https:\\\/\\\/e-moz.ch\\\/produit\\\/palan-a-chaine-electrique-fah10-1000kg-3m\\\/#breadcrumb\"},\"inLanguage\":\"de\",\"potentialAction\":[{\"@type\":\"ReadAction\",\"target\":[\"https:\\\/\\\/e-moz.ch\\\/produit\\\/palan-a-chaine-electrique-fah10-1000kg-3m\\\/\"]}]},{\"@type\":\"ImageObject\",\"inLanguage\":\"de\",\"@id\":\"https:\\\/\\\/e-moz.ch\\\/produit\\\/palan-a-chaine-electrique-fah10-1000kg-3m\\\/#primaryimage\",\"url\":\"https:\\\/\\\/e-moz.ch\\\/wp-content\\\/uploads\\\/2023\\\/11\\\/FAH-1-3-scaled.jpg\",\"contentUrl\":\"https:\\\/\\\/e-moz.ch\\\/wp-content\\\/uploads\\\/2023\\\/11\\\/FAH-1-3-scaled.jpg\",\"width\":1171,\"height\":2560},{\"@type\":\"BreadcrumbList\",\"@id\":\"https:\\\/\\\/e-moz.ch\\\/produit\\\/palan-a-chaine-electrique-fah10-1000kg-3m\\\/#breadcrumb\",\"itemListElement\":[{\"@type\":\"ListItem\",\"position\":1,\"name\":\"Accueil\",\"item\":\"https:\\\/\\\/e-moz.ch\\\/\"},{\"@type\":\"ListItem\",\"position\":2,\"name\":\"Boutique\",\"item\":\"https:\\\/\\\/e-moz.ch\\\/boutique\\\/\"},{\"@type\":\"ListItem\",\"position\":3,\"name\":\"Palan \u00e0 cha\u00eene \u00e9lectrique FAH10\\\/1000KG\\\/3M\"}]},{\"@type\":\"WebSite\",\"@id\":\"https:\\\/\\\/e-moz.ch\\\/#website\",\"url\":\"https:\\\/\\\/e-moz.ch\\\/\",\"name\":\"Swiss Levage et Fournitures Industrielles s\u00e0rl\",\"description\":\"E-MOZ, votre fournisseur pour le levage, les fournitures industrielles et les fournitures sp\u00e9ciales\",\"publisher\":{\"@id\":\"https:\\\/\\\/e-moz.ch\\\/#organization\"},\"potentialAction\":[{\"@type\":\"SearchAction\",\"target\":{\"@type\":\"EntryPoint\",\"urlTemplate\":\"https:\\\/\\\/e-moz.ch\\\/?s={search_term_string}\"},\"query-input\":{\"@type\":\"PropertyValueSpecification\",\"valueRequired\":true,\"valueName\":\"search_term_string\"}}],\"inLanguage\":\"de\"},{\"@type\":\"Organization\",\"@id\":\"https:\\\/\\\/e-moz.ch\\\/#organization\",\"name\":\"Swiss Levage et Fournitures Industrielles s\u00e0rl\",\"url\":\"https:\\\/\\\/e-moz.ch\\\/\",\"logo\":{\"@type\":\"ImageObject\",\"inLanguage\":\"de\",\"@id\":\"https:\\\/\\\/e-moz.ch\\\/#\\\/schema\\\/logo\\\/image\\\/\",\"url\":\"https:\\\/\\\/e-moz.ch\\\/wp-content\\\/uploads\\\/2023\\\/06\\\/pierre-schmid-logo-1581346465.png\",\"contentUrl\":\"https:\\\/\\\/e-moz.ch\\\/wp-content\\\/uploads\\\/2023\\\/06\\\/pierre-schmid-logo-1581346465.png\",\"width\":281,\"height\":104,\"caption\":\"Swiss Levage et Fournitures Industrielles s\u00e0rl\"},\"image\":{\"@id\":\"https:\\\/\\\/e-moz.ch\\\/#\\\/schema\\\/logo\\\/image\\\/\"}}]}<\/script>\n<!-- \/ Yoast SEO plugin. -->","yoast_head_json":{"title":"Elektrokettenzug FAH10\/1000KG\/3M","description":"Palan \u00e0 cha\u00eene \u00e9lectrique FAH10\/1000KG\/3M de la marque REMA","robots":{"index":"index","follow":"follow","max-snippet":"max-snippet:-1","max-image-preview":"max-image-preview:large","max-video-preview":"max-video-preview:-1"},"canonical":"https:\/\/e-moz.ch\/de\/produkt\/palan-a-chaine-electrique-fah10-1000kg-3m\/","og_locale":"de_DE","og_type":"article","og_title":"Palan \u00e0 cha\u00eene \u00e9lectrique FAH10\/1000KG\/3M","og_description":"Palan \u00e0 cha\u00eene \u00e9lectrique FAH10\/1000KG\/3M de la marque REMA","og_url":"https:\/\/e-moz.ch\/de\/produkt\/palan-a-chaine-electrique-fah10-1000kg-3m\/","og_site_name":"Swiss Levage et Fournitures Industrielles s\u00e0rl","article_modified_time":"2025-03-24T08:29:25+00:00","og_image":[{"width":1171,"height":2560,"url":"https:\/\/e-moz.ch\/wp-content\/uploads\/2023\/11\/FAH-1-3-scaled.jpg","type":"image\/jpeg"}],"twitter_card":"summary_large_image","twitter_misc":{"Gesch\u00e4tzte Lesezeit":"1\u00a0Minute"},"schema":{"@context":"https:\/\/schema.org","@graph":[{"@type":"WebPage","@id":"https:\/\/e-moz.ch\/produit\/palan-a-chaine-electrique-fah10-1000kg-3m\/","url":"https:\/\/e-moz.ch\/produit\/palan-a-chaine-electrique-fah10-1000kg-3m\/","name":"Elektrokettenzug FAH10\/1000KG\/3M","isPartOf":{"@id":"https:\/\/e-moz.ch\/#website"},"primaryImageOfPage":{"@id":"https:\/\/e-moz.ch\/produit\/palan-a-chaine-electrique-fah10-1000kg-3m\/#primaryimage"},"image":{"@id":"https:\/\/e-moz.ch\/produit\/palan-a-chaine-electrique-fah10-1000kg-3m\/#primaryimage"},"thumbnailUrl":"https:\/\/e-moz.ch\/wp-content\/uploads\/2023\/11\/FAH-1-3-scaled.jpg","datePublished":"2023-11-10T12:47:33+00:00","dateModified":"2025-03-24T08:29:25+00:00","description":"Palan \u00e0 cha\u00eene \u00e9lectrique FAH10\/1000KG\/3M de la marque REMA","breadcrumb":{"@id":"https:\/\/e-moz.ch\/produit\/palan-a-chaine-electrique-fah10-1000kg-3m\/#breadcrumb"},"inLanguage":"de","potentialAction":[{"@type":"ReadAction","target":["https:\/\/e-moz.ch\/produit\/palan-a-chaine-electrique-fah10-1000kg-3m\/"]}]},{"@type":"ImageObject","inLanguage":"de","@id":"https:\/\/e-moz.ch\/produit\/palan-a-chaine-electrique-fah10-1000kg-3m\/#primaryimage","url":"https:\/\/e-moz.ch\/wp-content\/uploads\/2023\/11\/FAH-1-3-scaled.jpg","contentUrl":"https:\/\/e-moz.ch\/wp-content\/uploads\/2023\/11\/FAH-1-3-scaled.jpg","width":1171,"height":2560},{"@type":"BreadcrumbList","@id":"https:\/\/e-moz.ch\/produit\/palan-a-chaine-electrique-fah10-1000kg-3m\/#breadcrumb","itemListElement":[{"@type":"ListItem","position":1,"name":"Accueil","item":"https:\/\/e-moz.ch\/"},{"@type":"ListItem","position":2,"name":"Boutique","item":"https:\/\/e-moz.ch\/boutique\/"},{"@type":"ListItem","position":3,"name":"Palan \u00e0 cha\u00eene \u00e9lectrique FAH10\/1000KG\/3M"}]},{"@type":"WebSite","@id":"https:\/\/e-moz.ch\/#website","url":"https:\/\/e-moz.ch\/","name":"Swiss Levage et Fournitures Industrielles S\u00e0rl","description":"E-MOZ, Ihr Lieferant f\u00fcr Hebetechnik, Industriebedarf und Spezialbedarf","publisher":{"@id":"https:\/\/e-moz.ch\/#organization"},"potentialAction":[{"@type":"SearchAction","target":{"@type":"EntryPoint","urlTemplate":"https:\/\/e-moz.ch\/?s={search_term_string}"},"query-input":{"@type":"PropertyValueSpecification","valueRequired":true,"valueName":"search_term_string"}}],"inLanguage":"de"},{"@type":"Organization","@id":"https:\/\/e-moz.ch\/#organization","name":"Swiss Levage et Fournitures Industrielles S\u00e0rl","url":"https:\/\/e-moz.ch\/","logo":{"@type":"ImageObject","inLanguage":"de","@id":"https:\/\/e-moz.ch\/#\/schema\/logo\/image\/","url":"https:\/\/e-moz.ch\/wp-content\/uploads\/2023\/06\/pierre-schmid-logo-1581346465.png","contentUrl":"https:\/\/e-moz.ch\/wp-content\/uploads\/2023\/06\/pierre-schmid-logo-1581346465.png","width":281,"height":104,"caption":"Swiss Levage et Fournitures Industrielles s\u00e0rl"},"image":{"@id":"https:\/\/e-moz.ch\/#\/schema\/logo\/image\/"}}]}},"thumbnail":"https:\/\/e-moz.ch\/wp-content\/uploads\/2023\/11\/FAH-1-3-scaled.jpg","price_html":"<span class=\"woocommerce-Price-amount amount\"><bdi>2'510.10<span class=\"woocommerce-Price-currencySymbol\">&#67;&#72;&#70;<\/span><\/bdi><\/span>","on_sale":false,"stock_status":"instock","rating_html":"","rating_count":0,"_links":{"self":[{"href":"https:\/\/e-moz.ch\/de\/wp-json\/wp\/v2\/product\/1924","targetHints":{"allow":["GET"]}}],"collection":[{"href":"https:\/\/e-moz.ch\/de\/wp-json\/wp\/v2\/product"}],"about":[{"href":"https:\/\/e-moz.ch\/de\/wp-json\/wp\/v2\/types\/product"}],"replies":[{"embeddable":true,"href":"https:\/\/e-moz.ch\/de\/wp-json\/wp\/v2\/comments?post=1924"}],"wp:featuredmedia":[{"embeddable":true,"href":"https:\/\/e-moz.ch\/de\/wp-json\/wp\/v2\/media\/2008"}],"wp:attachment":[{"href":"https:\/\/e-moz.ch\/de\/wp-json\/wp\/v2\/media?parent=1924"}],"wp:term":[{"taxonomy":"product_brand","embeddable":true,"href":"https:\/\/e-moz.ch\/de\/wp-json\/wp\/v2\/product_brand?post=1924"},{"taxonomy":"product_cat","embeddable":true,"href":"https:\/\/e-moz.ch\/de\/wp-json\/wp\/v2\/product_cat?post=1924"},{"taxonomy":"product_tag","embeddable":true,"href":"https:\/\/e-moz.ch\/de\/wp-json\/wp\/v2\/product_tag?post=1924"}],"curies":[{"name":"wp","href":"https:\/\/api.w.org\/{rel}","templated":true}]}}