{"id":3359,"date":"2024-01-22T09:53:36","date_gmt":"2024-01-22T08:53:36","guid":{"rendered":"https:\/\/e-moz.ch\/?post_type=product&#038;p=3359"},"modified":"2024-01-23T13:56:14","modified_gmt":"2024-01-23T12:56:14","slug":"patin-de-precision","status":"publish","type":"product","link":"https:\/\/e-moz.ch\/de\/produkt\/patin-de-precision\/","title":{"rendered":"Pr\u00e4zisionsschlittschuh"},"content":{"rendered":"","protected":false},"excerpt":{"rendered":"<p>Basierend auf den Antivibrationsplatten bieten BILZ Pr\u00e4zisions-Nivellierpads eine Kombination aus Pr\u00e4zisionsnivellierung und Vibrationsisolierung. Sie sind ideal f\u00fcr schwere Lasten und das Erreichen pr\u00e4ziser Ausrichtungen.<\/p>","protected":false},"featured_media":3358,"comment_status":"open","ping_status":"closed","template":"","meta":{"_et_pb_use_builder":"","_et_pb_old_content":"","_et_gb_content_width":""},"product_brand":[],"product_cat":[479],"product_tag":[],"class_list":{"0":"post-3359","1":"product","2":"type-product","3":"status-publish","4":"has-post-thumbnail","6":"product_cat-patins-de-mise-a-niveau","7":"pa_lien-pdf-d-https-e-moz-ch-wp-content-uploads-2024-01-bilz_pk1-a_02-0004_de-pdf","8":"pa_lien-pdf-e-https-e-moz-ch-wp-content-uploads-2024-01-bilz_pk1-a_02-0004_en-pdf","9":"pa_marque-bilz","11":"first","12":"instock","13":"taxable","14":"shipping-taxable","15":"purchasable","16":"product-type-simple"},"yoast_head":"<!-- This site is optimized with the Yoast SEO plugin v27.6 - https:\/\/yoast.com\/product\/yoast-seo-wordpress\/ -->\n<title>Patin de pr\u00e9cision - Swiss Levage et Fournitures Industrielles s\u00e0rl<\/title>\n<meta name=\"description\" content=\"Patin de pr\u00e9cision de la marque BILZ\" \/>\n<meta name=\"robots\" content=\"index, follow, max-snippet:-1, max-image-preview:large, max-video-preview:-1\" \/>\n<link rel=\"canonical\" href=\"https:\/\/e-moz.ch\/de\/produkt\/patin-de-precision\/\" \/>\n<meta property=\"og:locale\" content=\"de_DE\" \/>\n<meta property=\"og:type\" content=\"article\" \/>\n<meta property=\"og:title\" content=\"Patin de pr\u00e9cision - Swiss Levage et Fournitures Industrielles s\u00e0rl\" \/>\n<meta property=\"og:description\" content=\"Patin de pr\u00e9cision de la marque BILZ\" \/>\n<meta property=\"og:url\" content=\"https:\/\/e-moz.ch\/de\/produkt\/patin-de-precision\/\" \/>\n<meta property=\"og:site_name\" content=\"Swiss Levage et Fournitures Industrielles s\u00e0rl\" \/>\n<meta property=\"article:modified_time\" content=\"2024-01-23T12:56:14+00:00\" \/>\n<meta property=\"og:image\" content=\"https:\/\/e-moz.ch\/wp-content\/uploads\/2024\/01\/bilz-patins-pk.jpg\" \/>\n\t<meta property=\"og:image:width\" content=\"2362\" \/>\n\t<meta property=\"og:image:height\" content=\"1284\" \/>\n\t<meta property=\"og:image:type\" content=\"image\/jpeg\" \/>\n<meta name=\"twitter:card\" content=\"summary_large_image\" \/>\n<meta name=\"twitter:label1\" content=\"Gesch\u00e4tzte Lesezeit\" \/>\n\t<meta name=\"twitter:data1\" content=\"1\u00a0Minute\" \/>\n<script type=\"application\/ld+json\" class=\"yoast-schema-graph\">{\"@context\":\"https:\\\/\\\/schema.org\",\"@graph\":[{\"@type\":\"WebPage\",\"@id\":\"https:\\\/\\\/e-moz.ch\\\/produit\\\/patin-de-precision\\\/\",\"url\":\"https:\\\/\\\/e-moz.ch\\\/produit\\\/patin-de-precision\\\/\",\"name\":\"Patin de pr\u00e9cision - Swiss Levage et Fournitures Industrielles s\u00e0rl\",\"isPartOf\":{\"@id\":\"https:\\\/\\\/e-moz.ch\\\/#website\"},\"primaryImageOfPage\":{\"@id\":\"https:\\\/\\\/e-moz.ch\\\/produit\\\/patin-de-precision\\\/#primaryimage\"},\"image\":{\"@id\":\"https:\\\/\\\/e-moz.ch\\\/produit\\\/patin-de-precision\\\/#primaryimage\"},\"thumbnailUrl\":\"https:\\\/\\\/e-moz.ch\\\/wp-content\\\/uploads\\\/2024\\\/01\\\/bilz-patins-pk.jpg\",\"datePublished\":\"2024-01-22T08:53:36+00:00\",\"dateModified\":\"2024-01-23T12:56:14+00:00\",\"description\":\"Patin de pr\u00e9cision de la marque BILZ\",\"breadcrumb\":{\"@id\":\"https:\\\/\\\/e-moz.ch\\\/produit\\\/patin-de-precision\\\/#breadcrumb\"},\"inLanguage\":\"de\",\"potentialAction\":[{\"@type\":\"ReadAction\",\"target\":[\"https:\\\/\\\/e-moz.ch\\\/produit\\\/patin-de-precision\\\/\"]}]},{\"@type\":\"ImageObject\",\"inLanguage\":\"de\",\"@id\":\"https:\\\/\\\/e-moz.ch\\\/produit\\\/patin-de-precision\\\/#primaryimage\",\"url\":\"https:\\\/\\\/e-moz.ch\\\/wp-content\\\/uploads\\\/2024\\\/01\\\/bilz-patins-pk.jpg\",\"contentUrl\":\"https:\\\/\\\/e-moz.ch\\\/wp-content\\\/uploads\\\/2024\\\/01\\\/bilz-patins-pk.jpg\",\"width\":2362,\"height\":1284},{\"@type\":\"BreadcrumbList\",\"@id\":\"https:\\\/\\\/e-moz.ch\\\/produit\\\/patin-de-precision\\\/#breadcrumb\",\"itemListElement\":[{\"@type\":\"ListItem\",\"position\":1,\"name\":\"Accueil\",\"item\":\"https:\\\/\\\/e-moz.ch\\\/\"},{\"@type\":\"ListItem\",\"position\":2,\"name\":\"Boutique\",\"item\":\"https:\\\/\\\/e-moz.ch\\\/boutique\\\/\"},{\"@type\":\"ListItem\",\"position\":3,\"name\":\"Patin de pr\u00e9cision\"}]},{\"@type\":\"WebSite\",\"@id\":\"https:\\\/\\\/e-moz.ch\\\/#website\",\"url\":\"https:\\\/\\\/e-moz.ch\\\/\",\"name\":\"Swiss Levage et Fournitures Industrielles s\u00e0rl\",\"description\":\"E-MOZ, votre fournisseur pour le levage, les fournitures industrielles et les fournitures sp\u00e9ciales\",\"publisher\":{\"@id\":\"https:\\\/\\\/e-moz.ch\\\/#organization\"},\"potentialAction\":[{\"@type\":\"SearchAction\",\"target\":{\"@type\":\"EntryPoint\",\"urlTemplate\":\"https:\\\/\\\/e-moz.ch\\\/?s={search_term_string}\"},\"query-input\":{\"@type\":\"PropertyValueSpecification\",\"valueRequired\":true,\"valueName\":\"search_term_string\"}}],\"inLanguage\":\"de\"},{\"@type\":\"Organization\",\"@id\":\"https:\\\/\\\/e-moz.ch\\\/#organization\",\"name\":\"Swiss Levage et Fournitures Industrielles s\u00e0rl\",\"url\":\"https:\\\/\\\/e-moz.ch\\\/\",\"logo\":{\"@type\":\"ImageObject\",\"inLanguage\":\"de\",\"@id\":\"https:\\\/\\\/e-moz.ch\\\/#\\\/schema\\\/logo\\\/image\\\/\",\"url\":\"https:\\\/\\\/e-moz.ch\\\/wp-content\\\/uploads\\\/2023\\\/06\\\/pierre-schmid-logo-1581346465.png\",\"contentUrl\":\"https:\\\/\\\/e-moz.ch\\\/wp-content\\\/uploads\\\/2023\\\/06\\\/pierre-schmid-logo-1581346465.png\",\"width\":281,\"height\":104,\"caption\":\"Swiss Levage et Fournitures Industrielles s\u00e0rl\"},\"image\":{\"@id\":\"https:\\\/\\\/e-moz.ch\\\/#\\\/schema\\\/logo\\\/image\\\/\"}}]}<\/script>\n<!-- \/ Yoast SEO plugin. -->","yoast_head_json":{"title":"Patin de pr\u00e9cision - Swiss Levage et Fournitures Industrielles s\u00e0rl","description":"Patin de pr\u00e9cision de la marque BILZ","robots":{"index":"index","follow":"follow","max-snippet":"max-snippet:-1","max-image-preview":"max-image-preview:large","max-video-preview":"max-video-preview:-1"},"canonical":"https:\/\/e-moz.ch\/de\/produkt\/patin-de-precision\/","og_locale":"de_DE","og_type":"article","og_title":"Patin de pr\u00e9cision - Swiss Levage et Fournitures Industrielles s\u00e0rl","og_description":"Patin de pr\u00e9cision de la marque BILZ","og_url":"https:\/\/e-moz.ch\/de\/produkt\/patin-de-precision\/","og_site_name":"Swiss Levage et Fournitures Industrielles s\u00e0rl","article_modified_time":"2024-01-23T12:56:14+00:00","og_image":[{"width":2362,"height":1284,"url":"https:\/\/e-moz.ch\/wp-content\/uploads\/2024\/01\/bilz-patins-pk.jpg","type":"image\/jpeg"}],"twitter_card":"summary_large_image","twitter_misc":{"Gesch\u00e4tzte Lesezeit":"1\u00a0Minute"},"schema":{"@context":"https:\/\/schema.org","@graph":[{"@type":"WebPage","@id":"https:\/\/e-moz.ch\/produit\/patin-de-precision\/","url":"https:\/\/e-moz.ch\/produit\/patin-de-precision\/","name":"Patin de pr\u00e9cision - Swiss Levage et Fournitures Industrielles s\u00e0rl","isPartOf":{"@id":"https:\/\/e-moz.ch\/#website"},"primaryImageOfPage":{"@id":"https:\/\/e-moz.ch\/produit\/patin-de-precision\/#primaryimage"},"image":{"@id":"https:\/\/e-moz.ch\/produit\/patin-de-precision\/#primaryimage"},"thumbnailUrl":"https:\/\/e-moz.ch\/wp-content\/uploads\/2024\/01\/bilz-patins-pk.jpg","datePublished":"2024-01-22T08:53:36+00:00","dateModified":"2024-01-23T12:56:14+00:00","description":"Patin de pr\u00e9cision de la marque BILZ","breadcrumb":{"@id":"https:\/\/e-moz.ch\/produit\/patin-de-precision\/#breadcrumb"},"inLanguage":"de","potentialAction":[{"@type":"ReadAction","target":["https:\/\/e-moz.ch\/produit\/patin-de-precision\/"]}]},{"@type":"ImageObject","inLanguage":"de","@id":"https:\/\/e-moz.ch\/produit\/patin-de-precision\/#primaryimage","url":"https:\/\/e-moz.ch\/wp-content\/uploads\/2024\/01\/bilz-patins-pk.jpg","contentUrl":"https:\/\/e-moz.ch\/wp-content\/uploads\/2024\/01\/bilz-patins-pk.jpg","width":2362,"height":1284},{"@type":"BreadcrumbList","@id":"https:\/\/e-moz.ch\/produit\/patin-de-precision\/#breadcrumb","itemListElement":[{"@type":"ListItem","position":1,"name":"Accueil","item":"https:\/\/e-moz.ch\/"},{"@type":"ListItem","position":2,"name":"Boutique","item":"https:\/\/e-moz.ch\/boutique\/"},{"@type":"ListItem","position":3,"name":"Patin de pr\u00e9cision"}]},{"@type":"WebSite","@id":"https:\/\/e-moz.ch\/#website","url":"https:\/\/e-moz.ch\/","name":"Swiss Levage et Fournitures Industrielles S\u00e0rl","description":"E-MOZ, Ihr Lieferant f\u00fcr Hebetechnik, Industriebedarf und Spezialbedarf","publisher":{"@id":"https:\/\/e-moz.ch\/#organization"},"potentialAction":[{"@type":"SearchAction","target":{"@type":"EntryPoint","urlTemplate":"https:\/\/e-moz.ch\/?s={search_term_string}"},"query-input":{"@type":"PropertyValueSpecification","valueRequired":true,"valueName":"search_term_string"}}],"inLanguage":"de"},{"@type":"Organization","@id":"https:\/\/e-moz.ch\/#organization","name":"Swiss Levage et Fournitures Industrielles S\u00e0rl","url":"https:\/\/e-moz.ch\/","logo":{"@type":"ImageObject","inLanguage":"de","@id":"https:\/\/e-moz.ch\/#\/schema\/logo\/image\/","url":"https:\/\/e-moz.ch\/wp-content\/uploads\/2023\/06\/pierre-schmid-logo-1581346465.png","contentUrl":"https:\/\/e-moz.ch\/wp-content\/uploads\/2023\/06\/pierre-schmid-logo-1581346465.png","width":281,"height":104,"caption":"Swiss Levage et Fournitures Industrielles s\u00e0rl"},"image":{"@id":"https:\/\/e-moz.ch\/#\/schema\/logo\/image\/"}}]}},"thumbnail":"https:\/\/e-moz.ch\/wp-content\/uploads\/2024\/01\/bilz-patins-pk.jpg","price_html":"<span class=\"woocommerce-Price-amount amount\"><bdi>0.00<span class=\"woocommerce-Price-currencySymbol\">&#67;&#72;&#70;<\/span><\/bdi><\/span>","on_sale":false,"stock_status":"instock","rating_html":"","rating_count":0,"_links":{"self":[{"href":"https:\/\/e-moz.ch\/de\/wp-json\/wp\/v2\/product\/3359","targetHints":{"allow":["GET"]}}],"collection":[{"href":"https:\/\/e-moz.ch\/de\/wp-json\/wp\/v2\/product"}],"about":[{"href":"https:\/\/e-moz.ch\/de\/wp-json\/wp\/v2\/types\/product"}],"replies":[{"embeddable":true,"href":"https:\/\/e-moz.ch\/de\/wp-json\/wp\/v2\/comments?post=3359"}],"wp:featuredmedia":[{"embeddable":true,"href":"https:\/\/e-moz.ch\/de\/wp-json\/wp\/v2\/media\/3358"}],"wp:attachment":[{"href":"https:\/\/e-moz.ch\/de\/wp-json\/wp\/v2\/media?parent=3359"}],"wp:term":[{"taxonomy":"product_brand","embeddable":true,"href":"https:\/\/e-moz.ch\/de\/wp-json\/wp\/v2\/product_brand?post=3359"},{"taxonomy":"product_cat","embeddable":true,"href":"https:\/\/e-moz.ch\/de\/wp-json\/wp\/v2\/product_cat?post=3359"},{"taxonomy":"product_tag","embeddable":true,"href":"https:\/\/e-moz.ch\/de\/wp-json\/wp\/v2\/product_tag?post=3359"}],"curies":[{"name":"wp","href":"https:\/\/api.w.org\/{rel}","templated":true}]}}