{"id":3383,"date":"2024-01-23T10:39:21","date_gmt":"2024-01-23T09:39:21","guid":{"rendered":"https:\/\/e-moz.ch\/?post_type=product&#038;p=3383"},"modified":"2024-01-23T10:46:09","modified_gmt":"2024-01-23T09:46:09","slug":"tables-antivibratoires-lth","status":"publish","type":"product","link":"https:\/\/e-moz.ch\/de\/produkt\/tables-antivibratoires-lth\/","title":{"rendered":"LTH-Antivibrationstische"},"content":{"rendered":"","protected":false},"excerpt":{"rendered":"<p>LTH-Antivibrationstische sind Arbeitsfl\u00e4chen aus Granit, die vor Vibrationen und St\u00f6\u00dfen gesch\u00fctzt sind. Ausgestattet mit pneumatischen Isolatoren erm\u00f6glichen sie die \u00dcberwindung von Nieder- und Hochfrequenzproblemen im Arbeitsumfeld (in Betrieb befindliche Maschine, Fahrzeugverkehr, Ventilatoren usw.). Sie sind besonders robust und widerstandsf\u00e4hig.<\/p>","protected":false},"featured_media":3384,"comment_status":"open","ping_status":"closed","template":"","meta":{"_et_pb_use_builder":"","_et_pb_old_content":"","_et_gb_content_width":""},"product_brand":[],"product_cat":[491],"product_tag":[],"class_list":{"0":"post-3383","1":"product","2":"type-product","3":"status-publish","4":"has-post-thumbnail","6":"product_cat-tables-antivibratoires","7":"pa_marque-bilz","9":"first","10":"instock","11":"taxable","12":"shipping-taxable","13":"purchasable","14":"product-type-simple"},"yoast_head":"<!-- This site is optimized with the Yoast SEO plugin v27.4 - https:\/\/yoast.com\/product\/yoast-seo-wordpress\/ -->\n<title>Tables Antivibratoires LTH - Swiss Levage et Fournitures Industrielles s\u00e0rl<\/title>\n<meta name=\"description\" content=\"Tables Antivibratoires LTH de la marque BILZ\" \/>\n<meta name=\"robots\" content=\"index, follow, max-snippet:-1, max-image-preview:large, max-video-preview:-1\" \/>\n<link rel=\"canonical\" href=\"https:\/\/e-moz.ch\/de\/produkt\/tables-antivibratoires-lth\/\" \/>\n<meta property=\"og:locale\" content=\"de_DE\" \/>\n<meta property=\"og:type\" content=\"article\" \/>\n<meta property=\"og:title\" content=\"Tables Antivibratoires LTH - Swiss Levage et Fournitures Industrielles s\u00e0rl\" \/>\n<meta property=\"og:description\" content=\"Tables Antivibratoires LTH de la marque BILZ\" \/>\n<meta property=\"og:url\" content=\"https:\/\/e-moz.ch\/de\/produkt\/tables-antivibratoires-lth\/\" \/>\n<meta property=\"og:site_name\" content=\"Swiss Levage et Fournitures Industrielles s\u00e0rl\" \/>\n<meta property=\"article:modified_time\" content=\"2024-01-23T09:46:09+00:00\" \/>\n<meta property=\"og:image\" content=\"https:\/\/e-moz.ch\/wp-content\/uploads\/2024\/01\/Table-LTH.jpg\" \/>\n\t<meta property=\"og:image:width\" content=\"2538\" \/>\n\t<meta property=\"og:image:height\" content=\"1840\" \/>\n\t<meta property=\"og:image:type\" content=\"image\/jpeg\" \/>\n<meta name=\"twitter:card\" content=\"summary_large_image\" \/>\n<script type=\"application\/ld+json\" class=\"yoast-schema-graph\">{\"@context\":\"https:\\\/\\\/schema.org\",\"@graph\":[{\"@type\":\"WebPage\",\"@id\":\"https:\\\/\\\/e-moz.ch\\\/produit\\\/tables-antivibratoires-lth\\\/\",\"url\":\"https:\\\/\\\/e-moz.ch\\\/produit\\\/tables-antivibratoires-lth\\\/\",\"name\":\"Tables Antivibratoires LTH - Swiss Levage et Fournitures Industrielles s\u00e0rl\",\"isPartOf\":{\"@id\":\"https:\\\/\\\/e-moz.ch\\\/#website\"},\"primaryImageOfPage\":{\"@id\":\"https:\\\/\\\/e-moz.ch\\\/produit\\\/tables-antivibratoires-lth\\\/#primaryimage\"},\"image\":{\"@id\":\"https:\\\/\\\/e-moz.ch\\\/produit\\\/tables-antivibratoires-lth\\\/#primaryimage\"},\"thumbnailUrl\":\"https:\\\/\\\/e-moz.ch\\\/wp-content\\\/uploads\\\/2024\\\/01\\\/Table-LTH.jpg\",\"datePublished\":\"2024-01-23T09:39:21+00:00\",\"dateModified\":\"2024-01-23T09:46:09+00:00\",\"description\":\"Tables Antivibratoires LTH de la marque BILZ\",\"breadcrumb\":{\"@id\":\"https:\\\/\\\/e-moz.ch\\\/produit\\\/tables-antivibratoires-lth\\\/#breadcrumb\"},\"inLanguage\":\"de\",\"potentialAction\":[{\"@type\":\"ReadAction\",\"target\":[\"https:\\\/\\\/e-moz.ch\\\/produit\\\/tables-antivibratoires-lth\\\/\"]}]},{\"@type\":\"ImageObject\",\"inLanguage\":\"de\",\"@id\":\"https:\\\/\\\/e-moz.ch\\\/produit\\\/tables-antivibratoires-lth\\\/#primaryimage\",\"url\":\"https:\\\/\\\/e-moz.ch\\\/wp-content\\\/uploads\\\/2024\\\/01\\\/Table-LTH.jpg\",\"contentUrl\":\"https:\\\/\\\/e-moz.ch\\\/wp-content\\\/uploads\\\/2024\\\/01\\\/Table-LTH.jpg\",\"width\":2538,\"height\":1840},{\"@type\":\"BreadcrumbList\",\"@id\":\"https:\\\/\\\/e-moz.ch\\\/produit\\\/tables-antivibratoires-lth\\\/#breadcrumb\",\"itemListElement\":[{\"@type\":\"ListItem\",\"position\":1,\"name\":\"Accueil\",\"item\":\"https:\\\/\\\/e-moz.ch\\\/\"},{\"@type\":\"ListItem\",\"position\":2,\"name\":\"Boutique\",\"item\":\"https:\\\/\\\/e-moz.ch\\\/boutique\\\/\"},{\"@type\":\"ListItem\",\"position\":3,\"name\":\"Tables Antivibratoires LTH\"}]},{\"@type\":\"WebSite\",\"@id\":\"https:\\\/\\\/e-moz.ch\\\/#website\",\"url\":\"https:\\\/\\\/e-moz.ch\\\/\",\"name\":\"Swiss Levage et Fournitures Industrielles s\u00e0rl\",\"description\":\"E-MOZ, votre fournisseur pour le levage, les fournitures industrielles et les fournitures sp\u00e9ciales\",\"publisher\":{\"@id\":\"https:\\\/\\\/e-moz.ch\\\/#organization\"},\"potentialAction\":[{\"@type\":\"SearchAction\",\"target\":{\"@type\":\"EntryPoint\",\"urlTemplate\":\"https:\\\/\\\/e-moz.ch\\\/?s={search_term_string}\"},\"query-input\":{\"@type\":\"PropertyValueSpecification\",\"valueRequired\":true,\"valueName\":\"search_term_string\"}}],\"inLanguage\":\"de\"},{\"@type\":\"Organization\",\"@id\":\"https:\\\/\\\/e-moz.ch\\\/#organization\",\"name\":\"Swiss Levage et Fournitures Industrielles s\u00e0rl\",\"url\":\"https:\\\/\\\/e-moz.ch\\\/\",\"logo\":{\"@type\":\"ImageObject\",\"inLanguage\":\"de\",\"@id\":\"https:\\\/\\\/e-moz.ch\\\/#\\\/schema\\\/logo\\\/image\\\/\",\"url\":\"https:\\\/\\\/e-moz.ch\\\/wp-content\\\/uploads\\\/2023\\\/06\\\/pierre-schmid-logo-1581346465.png\",\"contentUrl\":\"https:\\\/\\\/e-moz.ch\\\/wp-content\\\/uploads\\\/2023\\\/06\\\/pierre-schmid-logo-1581346465.png\",\"width\":281,\"height\":104,\"caption\":\"Swiss Levage et Fournitures Industrielles s\u00e0rl\"},\"image\":{\"@id\":\"https:\\\/\\\/e-moz.ch\\\/#\\\/schema\\\/logo\\\/image\\\/\"}}]}<\/script>\n<!-- \/ Yoast SEO plugin. -->","yoast_head_json":{"title":"Tables Antivibratoires LTH - Swiss Levage et Fournitures Industrielles s\u00e0rl","description":"Tables Antivibratoires LTH de la marque BILZ","robots":{"index":"index","follow":"follow","max-snippet":"max-snippet:-1","max-image-preview":"max-image-preview:large","max-video-preview":"max-video-preview:-1"},"canonical":"https:\/\/e-moz.ch\/de\/produkt\/tables-antivibratoires-lth\/","og_locale":"de_DE","og_type":"article","og_title":"Tables Antivibratoires LTH - Swiss Levage et Fournitures Industrielles s\u00e0rl","og_description":"Tables Antivibratoires LTH de la marque BILZ","og_url":"https:\/\/e-moz.ch\/de\/produkt\/tables-antivibratoires-lth\/","og_site_name":"Swiss Levage et Fournitures Industrielles s\u00e0rl","article_modified_time":"2024-01-23T09:46:09+00:00","og_image":[{"width":2538,"height":1840,"url":"https:\/\/e-moz.ch\/wp-content\/uploads\/2024\/01\/Table-LTH.jpg","type":"image\/jpeg"}],"twitter_card":"summary_large_image","schema":{"@context":"https:\/\/schema.org","@graph":[{"@type":"WebPage","@id":"https:\/\/e-moz.ch\/produit\/tables-antivibratoires-lth\/","url":"https:\/\/e-moz.ch\/produit\/tables-antivibratoires-lth\/","name":"Tables Antivibratoires LTH - Swiss Levage et Fournitures Industrielles s\u00e0rl","isPartOf":{"@id":"https:\/\/e-moz.ch\/#website"},"primaryImageOfPage":{"@id":"https:\/\/e-moz.ch\/produit\/tables-antivibratoires-lth\/#primaryimage"},"image":{"@id":"https:\/\/e-moz.ch\/produit\/tables-antivibratoires-lth\/#primaryimage"},"thumbnailUrl":"https:\/\/e-moz.ch\/wp-content\/uploads\/2024\/01\/Table-LTH.jpg","datePublished":"2024-01-23T09:39:21+00:00","dateModified":"2024-01-23T09:46:09+00:00","description":"Tables Antivibratoires LTH de la marque BILZ","breadcrumb":{"@id":"https:\/\/e-moz.ch\/produit\/tables-antivibratoires-lth\/#breadcrumb"},"inLanguage":"de","potentialAction":[{"@type":"ReadAction","target":["https:\/\/e-moz.ch\/produit\/tables-antivibratoires-lth\/"]}]},{"@type":"ImageObject","inLanguage":"de","@id":"https:\/\/e-moz.ch\/produit\/tables-antivibratoires-lth\/#primaryimage","url":"https:\/\/e-moz.ch\/wp-content\/uploads\/2024\/01\/Table-LTH.jpg","contentUrl":"https:\/\/e-moz.ch\/wp-content\/uploads\/2024\/01\/Table-LTH.jpg","width":2538,"height":1840},{"@type":"BreadcrumbList","@id":"https:\/\/e-moz.ch\/produit\/tables-antivibratoires-lth\/#breadcrumb","itemListElement":[{"@type":"ListItem","position":1,"name":"Accueil","item":"https:\/\/e-moz.ch\/"},{"@type":"ListItem","position":2,"name":"Boutique","item":"https:\/\/e-moz.ch\/boutique\/"},{"@type":"ListItem","position":3,"name":"Tables Antivibratoires LTH"}]},{"@type":"WebSite","@id":"https:\/\/e-moz.ch\/#website","url":"https:\/\/e-moz.ch\/","name":"Swiss Levage et Fournitures Industrielles S\u00e0rl","description":"E-MOZ, Ihr Lieferant f\u00fcr Hebetechnik, Industriebedarf und Spezialbedarf","publisher":{"@id":"https:\/\/e-moz.ch\/#organization"},"potentialAction":[{"@type":"SearchAction","target":{"@type":"EntryPoint","urlTemplate":"https:\/\/e-moz.ch\/?s={search_term_string}"},"query-input":{"@type":"PropertyValueSpecification","valueRequired":true,"valueName":"search_term_string"}}],"inLanguage":"de"},{"@type":"Organization","@id":"https:\/\/e-moz.ch\/#organization","name":"Swiss Levage et Fournitures Industrielles S\u00e0rl","url":"https:\/\/e-moz.ch\/","logo":{"@type":"ImageObject","inLanguage":"de","@id":"https:\/\/e-moz.ch\/#\/schema\/logo\/image\/","url":"https:\/\/e-moz.ch\/wp-content\/uploads\/2023\/06\/pierre-schmid-logo-1581346465.png","contentUrl":"https:\/\/e-moz.ch\/wp-content\/uploads\/2023\/06\/pierre-schmid-logo-1581346465.png","width":281,"height":104,"caption":"Swiss Levage et Fournitures Industrielles s\u00e0rl"},"image":{"@id":"https:\/\/e-moz.ch\/#\/schema\/logo\/image\/"}}]}},"thumbnail":"https:\/\/e-moz.ch\/wp-content\/uploads\/2024\/01\/Table-LTH.jpg","price_html":"<span class=\"woocommerce-Price-amount amount\"><bdi>0.00<span class=\"woocommerce-Price-currencySymbol\">&#67;&#72;&#70;<\/span><\/bdi><\/span>","on_sale":false,"stock_status":"instock","rating_html":"","rating_count":0,"_links":{"self":[{"href":"https:\/\/e-moz.ch\/de\/wp-json\/wp\/v2\/product\/3383","targetHints":{"allow":["GET"]}}],"collection":[{"href":"https:\/\/e-moz.ch\/de\/wp-json\/wp\/v2\/product"}],"about":[{"href":"https:\/\/e-moz.ch\/de\/wp-json\/wp\/v2\/types\/product"}],"replies":[{"embeddable":true,"href":"https:\/\/e-moz.ch\/de\/wp-json\/wp\/v2\/comments?post=3383"}],"wp:featuredmedia":[{"embeddable":true,"href":"https:\/\/e-moz.ch\/de\/wp-json\/wp\/v2\/media\/3384"}],"wp:attachment":[{"href":"https:\/\/e-moz.ch\/de\/wp-json\/wp\/v2\/media?parent=3383"}],"wp:term":[{"taxonomy":"product_brand","embeddable":true,"href":"https:\/\/e-moz.ch\/de\/wp-json\/wp\/v2\/product_brand?post=3383"},{"taxonomy":"product_cat","embeddable":true,"href":"https:\/\/e-moz.ch\/de\/wp-json\/wp\/v2\/product_cat?post=3383"},{"taxonomy":"product_tag","embeddable":true,"href":"https:\/\/e-moz.ch\/de\/wp-json\/wp\/v2\/product_tag?post=3383"}],"curies":[{"name":"wp","href":"https:\/\/api.w.org\/{rel}","templated":true}]}}