{"id":3392,"date":"2024-01-23T13:42:25","date_gmt":"2024-01-23T12:42:25","guid":{"rendered":"https:\/\/e-moz.ch\/?post_type=product&#038;p=3392"},"modified":"2024-01-23T14:12:50","modified_gmt":"2024-01-23T13:12:50","slug":"isolateur-pneumatique-a-membrane-biair","status":"publish","type":"product","link":"https:\/\/e-moz.ch\/de\/produkt\/isolateur-pneumatique-a-membrane-biair\/","title":{"rendered":"Pneumatischer BiAir-Membran-Isolator"},"content":{"rendered":"","protected":false},"excerpt":{"rendered":"<p>Der Isolator\u00a0<b>BiAir<\/b>\u00ae besteht aus einem Aluminiumgussk\u00f6rper, dessen Luftvolumen durch eine flexible Membran zur\u00fcckgehalten wird.<\/p>\n<p>Der pneumatische Isolator ist systematisch mit einem mechanisch-pneumatischen oder elektropneumatischen Niveauregulierungssystem gekoppelt, das es erm\u00f6glicht, Lastschwankungen, die am isolierten Ger\u00e4t auftreten k\u00f6nnen, automatisch auszugleichen.<\/p>","protected":false},"featured_media":3391,"comment_status":"open","ping_status":"closed","template":"","meta":{"_et_pb_use_builder":"","_et_pb_old_content":"","_et_gb_content_width":""},"product_brand":[],"product_cat":[480],"product_tag":[],"class_list":{"0":"post-3392","1":"product","2":"type-product","3":"status-publish","4":"has-post-thumbnail","6":"product_cat-isolation-indirecte","7":"pa_marque-bilz","9":"first","10":"instock","11":"taxable","12":"shipping-taxable","13":"purchasable","14":"product-type-simple"},"yoast_head":"<!-- This site is optimized with the Yoast SEO plugin v27.3 - https:\/\/yoast.com\/product\/yoast-seo-wordpress\/ -->\n<title>Isolateur pneumatique \u00e0 membrane BiAir - Swiss Levage et Fournitures Industrielles s\u00e0rl<\/title>\n<meta name=\"description\" content=\"Isolateur pneumatique \u00e0 membrane BiAir de la marque Bilz\" \/>\n<meta name=\"robots\" content=\"index, follow, max-snippet:-1, max-image-preview:large, max-video-preview:-1\" \/>\n<link rel=\"canonical\" href=\"https:\/\/e-moz.ch\/de\/produkt\/isolateur-pneumatique-a-membrane-biair\/\" \/>\n<meta property=\"og:locale\" content=\"de_DE\" \/>\n<meta property=\"og:type\" content=\"article\" \/>\n<meta property=\"og:title\" content=\"Isolateur pneumatique \u00e0 membrane BiAir - Swiss Levage et Fournitures Industrielles s\u00e0rl\" \/>\n<meta property=\"og:description\" content=\"Isolateur pneumatique \u00e0 membrane BiAir de la marque Bilz\" \/>\n<meta property=\"og:url\" content=\"https:\/\/e-moz.ch\/de\/produkt\/isolateur-pneumatique-a-membrane-biair\/\" \/>\n<meta property=\"og:site_name\" content=\"Swiss Levage et Fournitures Industrielles s\u00e0rl\" \/>\n<meta property=\"article:modified_time\" content=\"2024-01-23T13:12:50+00:00\" \/>\n<meta property=\"og:image\" content=\"https:\/\/e-moz.ch\/wp-content\/uploads\/2024\/01\/Biair-Bilz.jpg\" \/>\n\t<meta property=\"og:image:width\" content=\"628\" \/>\n\t<meta property=\"og:image:height\" content=\"842\" \/>\n\t<meta property=\"og:image:type\" content=\"image\/jpeg\" \/>\n<meta name=\"twitter:card\" content=\"summary_large_image\" \/>\n<meta name=\"twitter:label1\" content=\"Gesch\u00e4tzte Lesezeit\" \/>\n\t<meta name=\"twitter:data1\" content=\"1\u00a0Minute\" \/>\n<script type=\"application\/ld+json\" class=\"yoast-schema-graph\">{\"@context\":\"https:\\\/\\\/schema.org\",\"@graph\":[{\"@type\":\"WebPage\",\"@id\":\"https:\\\/\\\/e-moz.ch\\\/produit\\\/isolateur-pneumatique-a-membrane-biair\\\/\",\"url\":\"https:\\\/\\\/e-moz.ch\\\/produit\\\/isolateur-pneumatique-a-membrane-biair\\\/\",\"name\":\"Isolateur pneumatique \u00e0 membrane BiAir - Swiss Levage et Fournitures Industrielles s\u00e0rl\",\"isPartOf\":{\"@id\":\"https:\\\/\\\/e-moz.ch\\\/#website\"},\"primaryImageOfPage\":{\"@id\":\"https:\\\/\\\/e-moz.ch\\\/produit\\\/isolateur-pneumatique-a-membrane-biair\\\/#primaryimage\"},\"image\":{\"@id\":\"https:\\\/\\\/e-moz.ch\\\/produit\\\/isolateur-pneumatique-a-membrane-biair\\\/#primaryimage\"},\"thumbnailUrl\":\"https:\\\/\\\/e-moz.ch\\\/wp-content\\\/uploads\\\/2024\\\/01\\\/Biair-Bilz.jpg\",\"datePublished\":\"2024-01-23T12:42:25+00:00\",\"dateModified\":\"2024-01-23T13:12:50+00:00\",\"description\":\"Isolateur pneumatique \u00e0 membrane BiAir de la marque Bilz\",\"breadcrumb\":{\"@id\":\"https:\\\/\\\/e-moz.ch\\\/produit\\\/isolateur-pneumatique-a-membrane-biair\\\/#breadcrumb\"},\"inLanguage\":\"de\",\"potentialAction\":[{\"@type\":\"ReadAction\",\"target\":[\"https:\\\/\\\/e-moz.ch\\\/produit\\\/isolateur-pneumatique-a-membrane-biair\\\/\"]}]},{\"@type\":\"ImageObject\",\"inLanguage\":\"de\",\"@id\":\"https:\\\/\\\/e-moz.ch\\\/produit\\\/isolateur-pneumatique-a-membrane-biair\\\/#primaryimage\",\"url\":\"https:\\\/\\\/e-moz.ch\\\/wp-content\\\/uploads\\\/2024\\\/01\\\/Biair-Bilz.jpg\",\"contentUrl\":\"https:\\\/\\\/e-moz.ch\\\/wp-content\\\/uploads\\\/2024\\\/01\\\/Biair-Bilz.jpg\",\"width\":628,\"height\":842},{\"@type\":\"BreadcrumbList\",\"@id\":\"https:\\\/\\\/e-moz.ch\\\/produit\\\/isolateur-pneumatique-a-membrane-biair\\\/#breadcrumb\",\"itemListElement\":[{\"@type\":\"ListItem\",\"position\":1,\"name\":\"Accueil\",\"item\":\"https:\\\/\\\/e-moz.ch\\\/\"},{\"@type\":\"ListItem\",\"position\":2,\"name\":\"Boutique\",\"item\":\"https:\\\/\\\/e-moz.ch\\\/boutique\\\/\"},{\"@type\":\"ListItem\",\"position\":3,\"name\":\"Isolateur pneumatique \u00e0 membrane BiAir\"}]},{\"@type\":\"WebSite\",\"@id\":\"https:\\\/\\\/e-moz.ch\\\/#website\",\"url\":\"https:\\\/\\\/e-moz.ch\\\/\",\"name\":\"Swiss Levage et Fournitures Industrielles s\u00e0rl\",\"description\":\"E-MOZ, votre fournisseur pour le levage, les fournitures industrielles et les fournitures sp\u00e9ciales\",\"publisher\":{\"@id\":\"https:\\\/\\\/e-moz.ch\\\/#organization\"},\"potentialAction\":[{\"@type\":\"SearchAction\",\"target\":{\"@type\":\"EntryPoint\",\"urlTemplate\":\"https:\\\/\\\/e-moz.ch\\\/?s={search_term_string}\"},\"query-input\":{\"@type\":\"PropertyValueSpecification\",\"valueRequired\":true,\"valueName\":\"search_term_string\"}}],\"inLanguage\":\"de\"},{\"@type\":\"Organization\",\"@id\":\"https:\\\/\\\/e-moz.ch\\\/#organization\",\"name\":\"Swiss Levage et Fournitures Industrielles s\u00e0rl\",\"url\":\"https:\\\/\\\/e-moz.ch\\\/\",\"logo\":{\"@type\":\"ImageObject\",\"inLanguage\":\"de\",\"@id\":\"https:\\\/\\\/e-moz.ch\\\/#\\\/schema\\\/logo\\\/image\\\/\",\"url\":\"https:\\\/\\\/e-moz.ch\\\/wp-content\\\/uploads\\\/2023\\\/06\\\/pierre-schmid-logo-1581346465.png\",\"contentUrl\":\"https:\\\/\\\/e-moz.ch\\\/wp-content\\\/uploads\\\/2023\\\/06\\\/pierre-schmid-logo-1581346465.png\",\"width\":281,\"height\":104,\"caption\":\"Swiss Levage et Fournitures Industrielles s\u00e0rl\"},\"image\":{\"@id\":\"https:\\\/\\\/e-moz.ch\\\/#\\\/schema\\\/logo\\\/image\\\/\"}}]}<\/script>\n<!-- \/ Yoast SEO plugin. -->","yoast_head_json":{"title":"Isolateur pneumatique \u00e0 membrane BiAir - Swiss Levage et Fournitures Industrielles s\u00e0rl","description":"Isolateur pneumatique \u00e0 membrane BiAir de la marque Bilz","robots":{"index":"index","follow":"follow","max-snippet":"max-snippet:-1","max-image-preview":"max-image-preview:large","max-video-preview":"max-video-preview:-1"},"canonical":"https:\/\/e-moz.ch\/de\/produkt\/isolateur-pneumatique-a-membrane-biair\/","og_locale":"de_DE","og_type":"article","og_title":"Isolateur pneumatique \u00e0 membrane BiAir - Swiss Levage et Fournitures Industrielles s\u00e0rl","og_description":"Isolateur pneumatique \u00e0 membrane BiAir de la marque Bilz","og_url":"https:\/\/e-moz.ch\/de\/produkt\/isolateur-pneumatique-a-membrane-biair\/","og_site_name":"Swiss Levage et Fournitures Industrielles s\u00e0rl","article_modified_time":"2024-01-23T13:12:50+00:00","og_image":[{"width":628,"height":842,"url":"https:\/\/e-moz.ch\/wp-content\/uploads\/2024\/01\/Biair-Bilz.jpg","type":"image\/jpeg"}],"twitter_card":"summary_large_image","twitter_misc":{"Gesch\u00e4tzte Lesezeit":"1\u00a0Minute"},"schema":{"@context":"https:\/\/schema.org","@graph":[{"@type":"WebPage","@id":"https:\/\/e-moz.ch\/produit\/isolateur-pneumatique-a-membrane-biair\/","url":"https:\/\/e-moz.ch\/produit\/isolateur-pneumatique-a-membrane-biair\/","name":"Isolateur pneumatique \u00e0 membrane BiAir - Swiss Levage et Fournitures Industrielles s\u00e0rl","isPartOf":{"@id":"https:\/\/e-moz.ch\/#website"},"primaryImageOfPage":{"@id":"https:\/\/e-moz.ch\/produit\/isolateur-pneumatique-a-membrane-biair\/#primaryimage"},"image":{"@id":"https:\/\/e-moz.ch\/produit\/isolateur-pneumatique-a-membrane-biair\/#primaryimage"},"thumbnailUrl":"https:\/\/e-moz.ch\/wp-content\/uploads\/2024\/01\/Biair-Bilz.jpg","datePublished":"2024-01-23T12:42:25+00:00","dateModified":"2024-01-23T13:12:50+00:00","description":"Isolateur pneumatique \u00e0 membrane BiAir de la marque Bilz","breadcrumb":{"@id":"https:\/\/e-moz.ch\/produit\/isolateur-pneumatique-a-membrane-biair\/#breadcrumb"},"inLanguage":"de","potentialAction":[{"@type":"ReadAction","target":["https:\/\/e-moz.ch\/produit\/isolateur-pneumatique-a-membrane-biair\/"]}]},{"@type":"ImageObject","inLanguage":"de","@id":"https:\/\/e-moz.ch\/produit\/isolateur-pneumatique-a-membrane-biair\/#primaryimage","url":"https:\/\/e-moz.ch\/wp-content\/uploads\/2024\/01\/Biair-Bilz.jpg","contentUrl":"https:\/\/e-moz.ch\/wp-content\/uploads\/2024\/01\/Biair-Bilz.jpg","width":628,"height":842},{"@type":"BreadcrumbList","@id":"https:\/\/e-moz.ch\/produit\/isolateur-pneumatique-a-membrane-biair\/#breadcrumb","itemListElement":[{"@type":"ListItem","position":1,"name":"Accueil","item":"https:\/\/e-moz.ch\/"},{"@type":"ListItem","position":2,"name":"Boutique","item":"https:\/\/e-moz.ch\/boutique\/"},{"@type":"ListItem","position":3,"name":"Isolateur pneumatique \u00e0 membrane BiAir"}]},{"@type":"WebSite","@id":"https:\/\/e-moz.ch\/#website","url":"https:\/\/e-moz.ch\/","name":"Swiss Levage et Fournitures Industrielles S\u00e0rl","description":"E-MOZ, Ihr Lieferant f\u00fcr Hebetechnik, Industriebedarf und Spezialbedarf","publisher":{"@id":"https:\/\/e-moz.ch\/#organization"},"potentialAction":[{"@type":"SearchAction","target":{"@type":"EntryPoint","urlTemplate":"https:\/\/e-moz.ch\/?s={search_term_string}"},"query-input":{"@type":"PropertyValueSpecification","valueRequired":true,"valueName":"search_term_string"}}],"inLanguage":"de"},{"@type":"Organization","@id":"https:\/\/e-moz.ch\/#organization","name":"Swiss Levage et Fournitures Industrielles S\u00e0rl","url":"https:\/\/e-moz.ch\/","logo":{"@type":"ImageObject","inLanguage":"de","@id":"https:\/\/e-moz.ch\/#\/schema\/logo\/image\/","url":"https:\/\/e-moz.ch\/wp-content\/uploads\/2023\/06\/pierre-schmid-logo-1581346465.png","contentUrl":"https:\/\/e-moz.ch\/wp-content\/uploads\/2023\/06\/pierre-schmid-logo-1581346465.png","width":281,"height":104,"caption":"Swiss Levage et Fournitures Industrielles s\u00e0rl"},"image":{"@id":"https:\/\/e-moz.ch\/#\/schema\/logo\/image\/"}}]}},"thumbnail":"https:\/\/e-moz.ch\/wp-content\/uploads\/2024\/01\/Biair-Bilz.jpg","price_html":"<span class=\"woocommerce-Price-amount amount\"><bdi>0.00<span class=\"woocommerce-Price-currencySymbol\">&#67;&#72;&#70;<\/span><\/bdi><\/span>","on_sale":false,"stock_status":"instock","rating_html":"","rating_count":0,"_links":{"self":[{"href":"https:\/\/e-moz.ch\/de\/wp-json\/wp\/v2\/product\/3392","targetHints":{"allow":["GET"]}}],"collection":[{"href":"https:\/\/e-moz.ch\/de\/wp-json\/wp\/v2\/product"}],"about":[{"href":"https:\/\/e-moz.ch\/de\/wp-json\/wp\/v2\/types\/product"}],"replies":[{"embeddable":true,"href":"https:\/\/e-moz.ch\/de\/wp-json\/wp\/v2\/comments?post=3392"}],"wp:featuredmedia":[{"embeddable":true,"href":"https:\/\/e-moz.ch\/de\/wp-json\/wp\/v2\/media\/3391"}],"wp:attachment":[{"href":"https:\/\/e-moz.ch\/de\/wp-json\/wp\/v2\/media?parent=3392"}],"wp:term":[{"taxonomy":"product_brand","embeddable":true,"href":"https:\/\/e-moz.ch\/de\/wp-json\/wp\/v2\/product_brand?post=3392"},{"taxonomy":"product_cat","embeddable":true,"href":"https:\/\/e-moz.ch\/de\/wp-json\/wp\/v2\/product_cat?post=3392"},{"taxonomy":"product_tag","embeddable":true,"href":"https:\/\/e-moz.ch\/de\/wp-json\/wp\/v2\/product_tag?post=3392"}],"curies":[{"name":"wp","href":"https:\/\/api.w.org\/{rel}","templated":true}]}}