{"id":3425,"date":"2024-02-22T08:59:49","date_gmt":"2024-02-22T07:59:49","guid":{"rendered":"https:\/\/e-moz.ch\/?post_type=product&#038;p=3425"},"modified":"2024-02-22T08:59:49","modified_gmt":"2024-02-22T07:59:49","slug":"no-nail-boxes-isibox-66-p-caisses-a-usage-unique","status":"publish","type":"product","link":"https:\/\/e-moz.ch\/de\/produkt\/no-nail-boxes-isibox-66-p-caisses-a-usage-unique\/","title":{"rendered":"No Nail Boxes Isibox 66 P \u2013 Caisses \u00e0 usage unique"},"content":{"rendered":"","protected":false},"excerpt":{"rendered":"<p>La caisse ISIBOX 66 P est tr\u00e8s r\u00e9sistante aux chutes, au gerbage et aux conditions de transport difficiles. Elle est l\u00e9g\u00e8re, facile \u00e0 monter et \u00e0 manutentionner. Comme toutes nos caisses pliantes en bois contreplaqu\u00e9, elle est recyclable ais\u00e9ment.<br \/>\nAvec son lot de palettes.<\/p>\n<p>Dimensions maximales\u00a0recommand\u00e9es\u00a0: 1200 x 800 mm.<\/p>","protected":false},"featured_media":3320,"comment_status":"open","ping_status":"closed","template":"","meta":{"_et_pb_use_builder":"","_et_pb_old_content":"","_et_gb_content_width":""},"product_brand":[],"product_cat":[467],"product_tag":[],"class_list":{"0":"post-3425","1":"product","2":"type-product","3":"status-publish","4":"has-post-thumbnail","6":"product_cat-no-nail","8":"first","9":"instock","10":"taxable","11":"shipping-taxable","12":"purchasable","13":"product-type-simple"},"yoast_head":"<!-- This site is optimized with the Yoast SEO plugin v27.4 - https:\/\/yoast.com\/product\/yoast-seo-wordpress\/ -->\n<title>No Nail Boxes Isibox 66 P \u2013 Caisses \u00e0 usage unique - Swiss Levage et Fournitures Industrielles s\u00e0rl<\/title>\n<meta name=\"description\" content=\"No Nail Boxes Isibox 66 P \u2013 Caisses \u00e0 usage unique\" \/>\n<meta name=\"robots\" content=\"index, follow, max-snippet:-1, max-image-preview:large, max-video-preview:-1\" \/>\n<link rel=\"canonical\" href=\"https:\/\/e-moz.ch\/de\/produkt\/no-nail-boxes-isibox-66-p-caisses-a-usage-unique\/\" \/>\n<meta property=\"og:locale\" content=\"de_DE\" \/>\n<meta property=\"og:type\" content=\"article\" \/>\n<meta property=\"og:title\" content=\"No Nail Boxes Isibox 66 P \u2013 Caisses \u00e0 usage unique - Swiss Levage et Fournitures Industrielles s\u00e0rl\" \/>\n<meta property=\"og:description\" content=\"No Nail Boxes Isibox 66 P \u2013 Caisses \u00e0 usage unique\" \/>\n<meta property=\"og:url\" content=\"https:\/\/e-moz.ch\/de\/produkt\/no-nail-boxes-isibox-66-p-caisses-a-usage-unique\/\" \/>\n<meta property=\"og:site_name\" content=\"Swiss Levage et Fournitures Industrielles s\u00e0rl\" \/>\n<meta property=\"og:image\" content=\"https:\/\/e-moz.ch\/wp-content\/uploads\/2024\/01\/NO-NAIL-BOXES_ISIBOX-66_4.png\" \/>\n\t<meta property=\"og:image:width\" content=\"2000\" \/>\n\t<meta property=\"og:image:height\" content=\"2000\" \/>\n\t<meta property=\"og:image:type\" content=\"image\/png\" \/>\n<meta name=\"twitter:card\" content=\"summary_large_image\" \/>\n<meta name=\"twitter:label1\" content=\"Gesch\u00e4tzte Lesezeit\" \/>\n\t<meta name=\"twitter:data1\" content=\"1\u00a0Minute\" \/>\n<script type=\"application\/ld+json\" class=\"yoast-schema-graph\">{\"@context\":\"https:\\\/\\\/schema.org\",\"@graph\":[{\"@type\":\"WebPage\",\"@id\":\"https:\\\/\\\/e-moz.ch\\\/produit\\\/no-nail-boxes-isibox-66-p-caisses-a-usage-unique\\\/\",\"url\":\"https:\\\/\\\/e-moz.ch\\\/produit\\\/no-nail-boxes-isibox-66-p-caisses-a-usage-unique\\\/\",\"name\":\"No Nail Boxes Isibox 66 P \u2013 Caisses \u00e0 usage unique - Swiss Levage et Fournitures Industrielles s\u00e0rl\",\"isPartOf\":{\"@id\":\"https:\\\/\\\/e-moz.ch\\\/#website\"},\"primaryImageOfPage\":{\"@id\":\"https:\\\/\\\/e-moz.ch\\\/produit\\\/no-nail-boxes-isibox-66-p-caisses-a-usage-unique\\\/#primaryimage\"},\"image\":{\"@id\":\"https:\\\/\\\/e-moz.ch\\\/produit\\\/no-nail-boxes-isibox-66-p-caisses-a-usage-unique\\\/#primaryimage\"},\"thumbnailUrl\":\"https:\\\/\\\/e-moz.ch\\\/wp-content\\\/uploads\\\/2024\\\/01\\\/NO-NAIL-BOXES_ISIBOX-66_4.png\",\"datePublished\":\"2024-02-22T07:59:49+00:00\",\"description\":\"No Nail Boxes Isibox 66 P \u2013 Caisses \u00e0 usage unique\",\"breadcrumb\":{\"@id\":\"https:\\\/\\\/e-moz.ch\\\/produit\\\/no-nail-boxes-isibox-66-p-caisses-a-usage-unique\\\/#breadcrumb\"},\"inLanguage\":\"de\",\"potentialAction\":[{\"@type\":\"ReadAction\",\"target\":[\"https:\\\/\\\/e-moz.ch\\\/produit\\\/no-nail-boxes-isibox-66-p-caisses-a-usage-unique\\\/\"]}]},{\"@type\":\"ImageObject\",\"inLanguage\":\"de\",\"@id\":\"https:\\\/\\\/e-moz.ch\\\/produit\\\/no-nail-boxes-isibox-66-p-caisses-a-usage-unique\\\/#primaryimage\",\"url\":\"https:\\\/\\\/e-moz.ch\\\/wp-content\\\/uploads\\\/2024\\\/01\\\/NO-NAIL-BOXES_ISIBOX-66_4.png\",\"contentUrl\":\"https:\\\/\\\/e-moz.ch\\\/wp-content\\\/uploads\\\/2024\\\/01\\\/NO-NAIL-BOXES_ISIBOX-66_4.png\",\"width\":2000,\"height\":2000},{\"@type\":\"BreadcrumbList\",\"@id\":\"https:\\\/\\\/e-moz.ch\\\/produit\\\/no-nail-boxes-isibox-66-p-caisses-a-usage-unique\\\/#breadcrumb\",\"itemListElement\":[{\"@type\":\"ListItem\",\"position\":1,\"name\":\"Accueil\",\"item\":\"https:\\\/\\\/e-moz.ch\\\/\"},{\"@type\":\"ListItem\",\"position\":2,\"name\":\"Boutique\",\"item\":\"https:\\\/\\\/e-moz.ch\\\/boutique\\\/\"},{\"@type\":\"ListItem\",\"position\":3,\"name\":\"No Nail Boxes Isibox 66 P \u2013 Caisses \u00e0 usage unique\"}]},{\"@type\":\"WebSite\",\"@id\":\"https:\\\/\\\/e-moz.ch\\\/#website\",\"url\":\"https:\\\/\\\/e-moz.ch\\\/\",\"name\":\"Swiss Levage et Fournitures Industrielles s\u00e0rl\",\"description\":\"E-MOZ, votre fournisseur pour le levage, les fournitures industrielles et les fournitures sp\u00e9ciales\",\"publisher\":{\"@id\":\"https:\\\/\\\/e-moz.ch\\\/#organization\"},\"potentialAction\":[{\"@type\":\"SearchAction\",\"target\":{\"@type\":\"EntryPoint\",\"urlTemplate\":\"https:\\\/\\\/e-moz.ch\\\/?s={search_term_string}\"},\"query-input\":{\"@type\":\"PropertyValueSpecification\",\"valueRequired\":true,\"valueName\":\"search_term_string\"}}],\"inLanguage\":\"de\"},{\"@type\":\"Organization\",\"@id\":\"https:\\\/\\\/e-moz.ch\\\/#organization\",\"name\":\"Swiss Levage et Fournitures Industrielles s\u00e0rl\",\"url\":\"https:\\\/\\\/e-moz.ch\\\/\",\"logo\":{\"@type\":\"ImageObject\",\"inLanguage\":\"de\",\"@id\":\"https:\\\/\\\/e-moz.ch\\\/#\\\/schema\\\/logo\\\/image\\\/\",\"url\":\"https:\\\/\\\/e-moz.ch\\\/wp-content\\\/uploads\\\/2023\\\/06\\\/pierre-schmid-logo-1581346465.png\",\"contentUrl\":\"https:\\\/\\\/e-moz.ch\\\/wp-content\\\/uploads\\\/2023\\\/06\\\/pierre-schmid-logo-1581346465.png\",\"width\":281,\"height\":104,\"caption\":\"Swiss Levage et Fournitures Industrielles s\u00e0rl\"},\"image\":{\"@id\":\"https:\\\/\\\/e-moz.ch\\\/#\\\/schema\\\/logo\\\/image\\\/\"}}]}<\/script>\n<!-- \/ Yoast SEO plugin. -->","yoast_head_json":{"title":"No Nail Boxes Isibox 66 P \u2013 Caisses \u00e0 usage unique - Swiss Levage et Fournitures Industrielles s\u00e0rl","description":"No Nail Boxes Isibox 66 P \u2013 Caisses \u00e0 usage unique","robots":{"index":"index","follow":"follow","max-snippet":"max-snippet:-1","max-image-preview":"max-image-preview:large","max-video-preview":"max-video-preview:-1"},"canonical":"https:\/\/e-moz.ch\/de\/produkt\/no-nail-boxes-isibox-66-p-caisses-a-usage-unique\/","og_locale":"de_DE","og_type":"article","og_title":"No Nail Boxes Isibox 66 P \u2013 Caisses \u00e0 usage unique - Swiss Levage et Fournitures Industrielles s\u00e0rl","og_description":"No Nail Boxes Isibox 66 P \u2013 Caisses \u00e0 usage unique","og_url":"https:\/\/e-moz.ch\/de\/produkt\/no-nail-boxes-isibox-66-p-caisses-a-usage-unique\/","og_site_name":"Swiss Levage et Fournitures Industrielles s\u00e0rl","og_image":[{"width":2000,"height":2000,"url":"https:\/\/e-moz.ch\/wp-content\/uploads\/2024\/01\/NO-NAIL-BOXES_ISIBOX-66_4.png","type":"image\/png"}],"twitter_card":"summary_large_image","twitter_misc":{"Gesch\u00e4tzte Lesezeit":"1\u00a0Minute"},"schema":{"@context":"https:\/\/schema.org","@graph":[{"@type":"WebPage","@id":"https:\/\/e-moz.ch\/produit\/no-nail-boxes-isibox-66-p-caisses-a-usage-unique\/","url":"https:\/\/e-moz.ch\/produit\/no-nail-boxes-isibox-66-p-caisses-a-usage-unique\/","name":"No Nail Boxes Isibox 66 P \u2013 Caisses \u00e0 usage unique - Swiss Levage et Fournitures Industrielles s\u00e0rl","isPartOf":{"@id":"https:\/\/e-moz.ch\/#website"},"primaryImageOfPage":{"@id":"https:\/\/e-moz.ch\/produit\/no-nail-boxes-isibox-66-p-caisses-a-usage-unique\/#primaryimage"},"image":{"@id":"https:\/\/e-moz.ch\/produit\/no-nail-boxes-isibox-66-p-caisses-a-usage-unique\/#primaryimage"},"thumbnailUrl":"https:\/\/e-moz.ch\/wp-content\/uploads\/2024\/01\/NO-NAIL-BOXES_ISIBOX-66_4.png","datePublished":"2024-02-22T07:59:49+00:00","description":"No Nail Boxes Isibox 66 P \u2013 Caisses \u00e0 usage unique","breadcrumb":{"@id":"https:\/\/e-moz.ch\/produit\/no-nail-boxes-isibox-66-p-caisses-a-usage-unique\/#breadcrumb"},"inLanguage":"de","potentialAction":[{"@type":"ReadAction","target":["https:\/\/e-moz.ch\/produit\/no-nail-boxes-isibox-66-p-caisses-a-usage-unique\/"]}]},{"@type":"ImageObject","inLanguage":"de","@id":"https:\/\/e-moz.ch\/produit\/no-nail-boxes-isibox-66-p-caisses-a-usage-unique\/#primaryimage","url":"https:\/\/e-moz.ch\/wp-content\/uploads\/2024\/01\/NO-NAIL-BOXES_ISIBOX-66_4.png","contentUrl":"https:\/\/e-moz.ch\/wp-content\/uploads\/2024\/01\/NO-NAIL-BOXES_ISIBOX-66_4.png","width":2000,"height":2000},{"@type":"BreadcrumbList","@id":"https:\/\/e-moz.ch\/produit\/no-nail-boxes-isibox-66-p-caisses-a-usage-unique\/#breadcrumb","itemListElement":[{"@type":"ListItem","position":1,"name":"Accueil","item":"https:\/\/e-moz.ch\/"},{"@type":"ListItem","position":2,"name":"Boutique","item":"https:\/\/e-moz.ch\/boutique\/"},{"@type":"ListItem","position":3,"name":"No Nail Boxes Isibox 66 P \u2013 Caisses \u00e0 usage unique"}]},{"@type":"WebSite","@id":"https:\/\/e-moz.ch\/#website","url":"https:\/\/e-moz.ch\/","name":"Swiss Levage et Fournitures Industrielles S\u00e0rl","description":"E-MOZ, Ihr Lieferant f\u00fcr Hebetechnik, Industriebedarf und Spezialbedarf","publisher":{"@id":"https:\/\/e-moz.ch\/#organization"},"potentialAction":[{"@type":"SearchAction","target":{"@type":"EntryPoint","urlTemplate":"https:\/\/e-moz.ch\/?s={search_term_string}"},"query-input":{"@type":"PropertyValueSpecification","valueRequired":true,"valueName":"search_term_string"}}],"inLanguage":"de"},{"@type":"Organization","@id":"https:\/\/e-moz.ch\/#organization","name":"Swiss Levage et Fournitures Industrielles S\u00e0rl","url":"https:\/\/e-moz.ch\/","logo":{"@type":"ImageObject","inLanguage":"de","@id":"https:\/\/e-moz.ch\/#\/schema\/logo\/image\/","url":"https:\/\/e-moz.ch\/wp-content\/uploads\/2023\/06\/pierre-schmid-logo-1581346465.png","contentUrl":"https:\/\/e-moz.ch\/wp-content\/uploads\/2023\/06\/pierre-schmid-logo-1581346465.png","width":281,"height":104,"caption":"Swiss Levage et Fournitures Industrielles s\u00e0rl"},"image":{"@id":"https:\/\/e-moz.ch\/#\/schema\/logo\/image\/"}}]}},"thumbnail":"https:\/\/e-moz.ch\/wp-content\/uploads\/2024\/01\/NO-NAIL-BOXES_ISIBOX-66_4.png","price_html":"<span class=\"woocommerce-Price-amount amount\"><bdi>0.00<span class=\"woocommerce-Price-currencySymbol\">&#67;&#72;&#70;<\/span><\/bdi><\/span>","on_sale":false,"stock_status":"instock","rating_html":"","rating_count":0,"_links":{"self":[{"href":"https:\/\/e-moz.ch\/de\/wp-json\/wp\/v2\/product\/3425","targetHints":{"allow":["GET"]}}],"collection":[{"href":"https:\/\/e-moz.ch\/de\/wp-json\/wp\/v2\/product"}],"about":[{"href":"https:\/\/e-moz.ch\/de\/wp-json\/wp\/v2\/types\/product"}],"replies":[{"embeddable":true,"href":"https:\/\/e-moz.ch\/de\/wp-json\/wp\/v2\/comments?post=3425"}],"wp:featuredmedia":[{"embeddable":true,"href":"https:\/\/e-moz.ch\/de\/wp-json\/wp\/v2\/media\/3320"}],"wp:attachment":[{"href":"https:\/\/e-moz.ch\/de\/wp-json\/wp\/v2\/media?parent=3425"}],"wp:term":[{"taxonomy":"product_brand","embeddable":true,"href":"https:\/\/e-moz.ch\/de\/wp-json\/wp\/v2\/product_brand?post=3425"},{"taxonomy":"product_cat","embeddable":true,"href":"https:\/\/e-moz.ch\/de\/wp-json\/wp\/v2\/product_cat?post=3425"},{"taxonomy":"product_tag","embeddable":true,"href":"https:\/\/e-moz.ch\/de\/wp-json\/wp\/v2\/product_tag?post=3425"}],"curies":[{"name":"wp","href":"https:\/\/api.w.org\/{rel}","templated":true}]}}